{"id":3702,"date":"2024-09-04T15:11:27","date_gmt":"2024-09-04T13:11:27","guid":{"rendered":"https:\/\/www.bustan.ly\/?post_type=product&#038;p=3702"},"modified":"2024-09-05T10:36:36","modified_gmt":"2024-09-05T08:36:36","slug":"the-tadrart","status":"publish","type":"product","link":"https:\/\/www.bustan.ly\/fr\/produit\/the-tadrart\/","title":{"rendered":"th\u00e9 Tadrart"},"content":{"rendered":"<p>Th\u00e9 Tadrart vert, bien connu, est actuellement disponible en bo\u00eetes de 250 g, 200 g et 100 g, ainsi qu&#8217;en emballages de 25 g pour la premi\u00e8re fois, rejoignant ainsi notre collection raffin\u00e9e de th\u00e9s chinois.<\/p>\n<p>&nbsp;<\/p>\n","protected":false},"excerpt":{"rendered":"<p>Th\u00e9 Tadrart vert, bien connu, est actuellement disponible en bo\u00eetes de 250 g, 200 g et 100 g, ainsi qu&#8217;en emballages de 25 g pour la premi\u00e8re fois, rejoignant ainsi notre collection raffin\u00e9e de th\u00e9s chinois. &nbsp;<\/p>\n","protected":false},"featured_media":2539,"template":"","meta":[],"product_cat":[62],"product_tag":[],"class_list":{"0":"post-3702","1":"product","2":"type-product","3":"status-publish","4":"has-post-thumbnail","6":"product_cat-the-vert","8":"first","9":"instock","10":"shipping-taxable","11":"purchasable","12":"product-type-variable"},"yoast_head":"<!-- This site is optimized with the Yoast SEO plugin v23.4 - https:\/\/yoast.com\/wordpress\/plugins\/seo\/ -->\n<title>th\u00e9 Tadrart | BUSTAN Co.<\/title>\n<meta name=\"description\" content=\"Th\u00e9 Tadrart vert, bien connu, est actuellement disponible en bo\u00eetes de 250 g, 200 g et 100 g, ainsi qu&#039;en emballages de 25 g pour la premi\u00e8re fois,\" \/>\n<meta name=\"robots\" content=\"index, follow, max-snippet:-1, max-image-preview:large, max-video-preview:-1\" \/>\n<link rel=\"canonical\" href=\"https:\/\/www.bustan.ly\/fr\/produit\/\u0634\u0627\u064a-\u062a\u0627\u062f\u0631\u0627\u0631\u062a\/\" \/>\n<meta property=\"og:locale\" content=\"fr_FR\" \/>\n<meta property=\"og:type\" content=\"article\" \/>\n<meta property=\"og:title\" content=\"th\u00e9 Tadrart | BUSTAN Co.\" \/>\n<meta property=\"og:description\" content=\"Th\u00e9 Tadrart vert, bien connu, est actuellement disponible en bo\u00eetes de 250 g, 200 g et 100 g, ainsi qu&#039;en emballages de 25 g pour la premi\u00e8re fois,\" \/>\n<meta property=\"og:url\" content=\"https:\/\/www.bustan.ly\/produit\/\u0634\u0627\u064a-\u062a\u0627\u062f\u0631\u0627\u0631\u062a\/\" \/>\n<meta property=\"og:site_name\" content=\"BUSTAN Co.\" \/>\n<meta property=\"article:modified_time\" content=\"2024-09-05T08:36:36+00:00\" \/>\n<meta property=\"og:image\" content=\"https:\/\/www.bustan.ly\/wp-content\/uploads\/2024\/08\/tadarat.jpg\" \/>\n\t<meta property=\"og:image:width\" content=\"800\" \/>\n\t<meta property=\"og:image:height\" content=\"800\" \/>\n\t<meta property=\"og:image:type\" content=\"image\/jpeg\" \/>\n<meta name=\"twitter:card\" content=\"summary_large_image\" \/>\n<script type=\"application\/ld+json\" class=\"yoast-schema-graph\">{\"@context\":\"https:\/\/schema.org\",\"@graph\":[{\"@type\":\"WebPage\",\"@id\":\"https:\/\/www.bustan.ly\/produit\/%d8%b4%d8%a7%d9%8a-%d8%aa%d8%a7%d8%af%d8%b1%d8%a7%d8%b1%d8%aa\/\",\"url\":\"https:\/\/www.bustan.ly\/produit\/%d8%b4%d8%a7%d9%8a-%d8%aa%d8%a7%d8%af%d8%b1%d8%a7%d8%b1%d8%aa\/\",\"name\":\"th\u00e9 Tadrart | BUSTAN Co.\",\"isPartOf\":{\"@id\":\"https:\/\/www.bustan.ly\/#website\"},\"primaryImageOfPage\":{\"@id\":\"https:\/\/www.bustan.ly\/produit\/%d8%b4%d8%a7%d9%8a-%d8%aa%d8%a7%d8%af%d8%b1%d8%a7%d8%b1%d8%aa\/#primaryimage\"},\"image\":{\"@id\":\"https:\/\/www.bustan.ly\/produit\/%d8%b4%d8%a7%d9%8a-%d8%aa%d8%a7%d8%af%d8%b1%d8%a7%d8%b1%d8%aa\/#primaryimage\"},\"thumbnailUrl\":\"https:\/\/www.bustan.ly\/wp-content\/uploads\/2024\/08\/tadarat.jpg\",\"datePublished\":\"2024-09-04T13:11:27+00:00\",\"dateModified\":\"2024-09-05T08:36:36+00:00\",\"description\":\"Th\u00e9 Tadrart vert, bien connu, est actuellement disponible en bo\u00eetes de 250 g, 200 g et 100 g, ainsi qu'en emballages de 25 g pour la premi\u00e8re fois,\",\"breadcrumb\":{\"@id\":\"https:\/\/www.bustan.ly\/produit\/%d8%b4%d8%a7%d9%8a-%d8%aa%d8%a7%d8%af%d8%b1%d8%a7%d8%b1%d8%aa\/#breadcrumb\"},\"inLanguage\":\"fr-FR\",\"potentialAction\":[{\"@type\":\"ReadAction\",\"target\":[\"https:\/\/www.bustan.ly\/produit\/%d8%b4%d8%a7%d9%8a-%d8%aa%d8%a7%d8%af%d8%b1%d8%a7%d8%b1%d8%aa\/\"]}]},{\"@type\":\"ImageObject\",\"inLanguage\":\"fr-FR\",\"@id\":\"https:\/\/www.bustan.ly\/produit\/%d8%b4%d8%a7%d9%8a-%d8%aa%d8%a7%d8%af%d8%b1%d8%a7%d8%b1%d8%aa\/#primaryimage\",\"url\":\"https:\/\/www.bustan.ly\/wp-content\/uploads\/2024\/08\/tadarat.jpg\",\"contentUrl\":\"https:\/\/www.bustan.ly\/wp-content\/uploads\/2024\/08\/tadarat.jpg\",\"width\":800,\"height\":800},{\"@type\":\"BreadcrumbList\",\"@id\":\"https:\/\/www.bustan.ly\/produit\/%d8%b4%d8%a7%d9%8a-%d8%aa%d8%a7%d8%af%d8%b1%d8%a7%d8%b1%d8%aa\/#breadcrumb\",\"itemListElement\":[{\"@type\":\"ListItem\",\"position\":1,\"name\":\"Accueil\",\"item\":\"https:\/\/www.bustan.ly\/\"},{\"@type\":\"ListItem\",\"position\":2,\"name\":\"\u0627\u0644\u0645\u0646\u062a\u062c\u0627\u062a\",\"item\":\"https:\/\/www.bustan.ly\/shop__trashed\/\"},{\"@type\":\"ListItem\",\"position\":3,\"name\":\"th\u00e9 Tadrart\"}]},{\"@type\":\"WebSite\",\"@id\":\"https:\/\/www.bustan.ly\/#website\",\"url\":\"https:\/\/www.bustan.ly\/\",\"name\":\"BUSTAN Co.\",\"description\":\"\u0645\u0630\u0627\u0642 \u0639\u0627\u0644\u064a \u0639\u0644\u0649 \u0645\u0631 \u0627\u0644\u0639\u0635\u0648\u0631\",\"potentialAction\":[{\"@type\":\"SearchAction\",\"target\":{\"@type\":\"EntryPoint\",\"urlTemplate\":\"https:\/\/www.bustan.ly\/?s={search_term_string}\"},\"query-input\":{\"@type\":\"PropertyValueSpecification\",\"valueRequired\":true,\"valueName\":\"search_term_string\"}}],\"inLanguage\":\"fr-FR\"}]}<\/script>\n<!-- \/ Yoast SEO plugin. -->","yoast_head_json":{"title":"th\u00e9 Tadrart | BUSTAN Co.","description":"Th\u00e9 Tadrart vert, bien connu, est actuellement disponible en bo\u00eetes de 250 g, 200 g et 100 g, ainsi qu'en emballages de 25 g pour la premi\u00e8re fois,","robots":{"index":"index","follow":"follow","max-snippet":"max-snippet:-1","max-image-preview":"max-image-preview:large","max-video-preview":"max-video-preview:-1"},"canonical":"https:\/\/www.bustan.ly\/fr\/produit\/\u0634\u0627\u064a-\u062a\u0627\u062f\u0631\u0627\u0631\u062a\/","og_locale":"fr_FR","og_type":"article","og_title":"th\u00e9 Tadrart | BUSTAN Co.","og_description":"Th\u00e9 Tadrart vert, bien connu, est actuellement disponible en bo\u00eetes de 250 g, 200 g et 100 g, ainsi qu'en emballages de 25 g pour la premi\u00e8re fois,","og_url":"https:\/\/www.bustan.ly\/produit\/\u0634\u0627\u064a-\u062a\u0627\u062f\u0631\u0627\u0631\u062a\/","og_site_name":"BUSTAN Co.","article_modified_time":"2024-09-05T08:36:36+00:00","og_image":[{"width":800,"height":800,"url":"https:\/\/www.bustan.ly\/wp-content\/uploads\/2024\/08\/tadarat.jpg","type":"image\/jpeg"}],"twitter_card":"summary_large_image","schema":{"@context":"https:\/\/schema.org","@graph":[{"@type":"WebPage","@id":"https:\/\/www.bustan.ly\/produit\/%d8%b4%d8%a7%d9%8a-%d8%aa%d8%a7%d8%af%d8%b1%d8%a7%d8%b1%d8%aa\/","url":"https:\/\/www.bustan.ly\/produit\/%d8%b4%d8%a7%d9%8a-%d8%aa%d8%a7%d8%af%d8%b1%d8%a7%d8%b1%d8%aa\/","name":"th\u00e9 Tadrart | BUSTAN Co.","isPartOf":{"@id":"https:\/\/www.bustan.ly\/#website"},"primaryImageOfPage":{"@id":"https:\/\/www.bustan.ly\/produit\/%d8%b4%d8%a7%d9%8a-%d8%aa%d8%a7%d8%af%d8%b1%d8%a7%d8%b1%d8%aa\/#primaryimage"},"image":{"@id":"https:\/\/www.bustan.ly\/produit\/%d8%b4%d8%a7%d9%8a-%d8%aa%d8%a7%d8%af%d8%b1%d8%a7%d8%b1%d8%aa\/#primaryimage"},"thumbnailUrl":"https:\/\/www.bustan.ly\/wp-content\/uploads\/2024\/08\/tadarat.jpg","datePublished":"2024-09-04T13:11:27+00:00","dateModified":"2024-09-05T08:36:36+00:00","description":"Th\u00e9 Tadrart vert, bien connu, est actuellement disponible en bo\u00eetes de 250 g, 200 g et 100 g, ainsi qu'en emballages de 25 g pour la premi\u00e8re fois,","breadcrumb":{"@id":"https:\/\/www.bustan.ly\/produit\/%d8%b4%d8%a7%d9%8a-%d8%aa%d8%a7%d8%af%d8%b1%d8%a7%d8%b1%d8%aa\/#breadcrumb"},"inLanguage":"fr-FR","potentialAction":[{"@type":"ReadAction","target":["https:\/\/www.bustan.ly\/produit\/%d8%b4%d8%a7%d9%8a-%d8%aa%d8%a7%d8%af%d8%b1%d8%a7%d8%b1%d8%aa\/"]}]},{"@type":"ImageObject","inLanguage":"fr-FR","@id":"https:\/\/www.bustan.ly\/produit\/%d8%b4%d8%a7%d9%8a-%d8%aa%d8%a7%d8%af%d8%b1%d8%a7%d8%b1%d8%aa\/#primaryimage","url":"https:\/\/www.bustan.ly\/wp-content\/uploads\/2024\/08\/tadarat.jpg","contentUrl":"https:\/\/www.bustan.ly\/wp-content\/uploads\/2024\/08\/tadarat.jpg","width":800,"height":800},{"@type":"BreadcrumbList","@id":"https:\/\/www.bustan.ly\/produit\/%d8%b4%d8%a7%d9%8a-%d8%aa%d8%a7%d8%af%d8%b1%d8%a7%d8%b1%d8%aa\/#breadcrumb","itemListElement":[{"@type":"ListItem","position":1,"name":"Accueil","item":"https:\/\/www.bustan.ly\/"},{"@type":"ListItem","position":2,"name":"\u0627\u0644\u0645\u0646\u062a\u062c\u0627\u062a","item":"https:\/\/www.bustan.ly\/shop__trashed\/"},{"@type":"ListItem","position":3,"name":"th\u00e9 Tadrart"}]},{"@type":"WebSite","@id":"https:\/\/www.bustan.ly\/#website","url":"https:\/\/www.bustan.ly\/","name":"BUSTAN Co.","description":"\u0645\u0630\u0627\u0642 \u0639\u0627\u0644\u064a \u0639\u0644\u0649 \u0645\u0631 \u0627\u0644\u0639\u0635\u0648\u0631","potentialAction":[{"@type":"SearchAction","target":{"@type":"EntryPoint","urlTemplate":"https:\/\/www.bustan.ly\/?s={search_term_string}"},"query-input":{"@type":"PropertyValueSpecification","valueRequired":true,"valueName":"search_term_string"}}],"inLanguage":"fr-FR"}]}},"_links":{"self":[{"href":"https:\/\/www.bustan.ly\/fr\/wp-json\/wp\/v2\/product\/3702","targetHints":{"allow":["GET"]}}],"collection":[{"href":"https:\/\/www.bustan.ly\/fr\/wp-json\/wp\/v2\/product"}],"about":[{"href":"https:\/\/www.bustan.ly\/fr\/wp-json\/wp\/v2\/types\/product"}],"wp:featuredmedia":[{"embeddable":true,"href":"https:\/\/www.bustan.ly\/fr\/wp-json\/wp\/v2\/media\/2539"}],"wp:attachment":[{"href":"https:\/\/www.bustan.ly\/fr\/wp-json\/wp\/v2\/media?parent=3702"}],"wp:term":[{"taxonomy":"product_cat","embeddable":true,"href":"https:\/\/www.bustan.ly\/fr\/wp-json\/wp\/v2\/product_cat?post=3702"},{"taxonomy":"product_tag","embeddable":true,"href":"https:\/\/www.bustan.ly\/fr\/wp-json\/wp\/v2\/product_tag?post=3702"}],"curies":[{"name":"wp","href":"https:\/\/api.w.org\/{rel}","templated":true}]}}