{"id":3663,"date":"2024-09-04T13:02:36","date_gmt":"2024-09-04T11:02:36","guid":{"rendered":"https:\/\/www.bustan.ly\/?post_type=product&#038;p=3663"},"modified":"2024-09-05T10:47:20","modified_gmt":"2024-09-05T08:47:20","slug":"the-kidal","status":"publish","type":"product","link":"https:\/\/www.bustan.ly\/fr\/produit\/the-kidal\/","title":{"rendered":"Th\u00e9 Kidal"},"content":{"rendered":"<p>Th\u00e9 Kidal, th\u00e9 d&#8217;\u00e9lite. Profitez de la saveur du th\u00e9.<\/p>\n<p>Disponible actuellement dans les salles de l&#8217;entreprise en emballages de 25 g, 100 g, 200 g et 250 g pour la premi\u00e8re fois, rejoignant ainsi la gamme des th\u00e9s chinois raffin\u00e9s.<\/p>\n","protected":false},"excerpt":{"rendered":"<p>Th\u00e9 Kidal, th\u00e9 d&#8217;\u00e9lite. Profitez de la saveur du th\u00e9. Disponible actuellement dans les salles de l&#8217;entreprise en emballages de 25 g, 100 g, 200 g et 250 g pour la premi\u00e8re fois, rejoignant ainsi la gamme des th\u00e9s chinois raffin\u00e9s.<\/p>\n","protected":false},"featured_media":2575,"template":"","meta":[],"product_cat":[62],"product_tag":[],"class_list":{"0":"post-3663","1":"product","2":"type-product","3":"status-publish","4":"has-post-thumbnail","6":"product_cat-the-vert","8":"first","9":"instock","10":"shipping-taxable","11":"purchasable","12":"product-type-variable"},"yoast_head":"<!-- This site is optimized with the Yoast SEO plugin v23.4 - https:\/\/yoast.com\/wordpress\/plugins\/seo\/ -->\n<title>Th\u00e9 Kidal | BUSTAN Co.<\/title>\n<meta name=\"description\" content=\"Th\u00e9 Kidal, th\u00e9 d&#039;\u00e9lite. Profitez de la saveur du th\u00e9. Disponible actuellement dans les salles de l&#039;entreprise en emballages de 25 g, 100 g, 200 g et 250 g\" \/>\n<meta name=\"robots\" content=\"index, follow, max-snippet:-1, max-image-preview:large, max-video-preview:-1\" \/>\n<link rel=\"canonical\" href=\"https:\/\/www.bustan.ly\/fr\/produit\/\u0634\u0627\u064a-\u0643\u064a\u062f\u0627\u0644\/\" \/>\n<meta property=\"og:locale\" content=\"fr_FR\" \/>\n<meta property=\"og:type\" content=\"article\" \/>\n<meta property=\"og:title\" content=\"Th\u00e9 Kidal | BUSTAN Co.\" \/>\n<meta property=\"og:description\" content=\"Th\u00e9 Kidal, th\u00e9 d&#039;\u00e9lite. Profitez de la saveur du th\u00e9. Disponible actuellement dans les salles de l&#039;entreprise en emballages de 25 g, 100 g, 200 g et 250 g\" \/>\n<meta property=\"og:url\" content=\"https:\/\/www.bustan.ly\/produit\/\u0634\u0627\u064a-\u0643\u064a\u062f\u0627\u0644\/\" \/>\n<meta property=\"og:site_name\" content=\"BUSTAN Co.\" \/>\n<meta property=\"article:modified_time\" content=\"2024-09-05T08:47:20+00:00\" \/>\n<meta property=\"og:image\" content=\"https:\/\/www.bustan.ly\/wp-content\/uploads\/2024\/08\/p-_0021_kidal.jpg\" \/>\n\t<meta property=\"og:image:width\" content=\"800\" \/>\n\t<meta property=\"og:image:height\" content=\"800\" \/>\n\t<meta property=\"og:image:type\" content=\"image\/jpeg\" \/>\n<meta name=\"twitter:card\" content=\"summary_large_image\" \/>\n<script type=\"application\/ld+json\" class=\"yoast-schema-graph\">{\"@context\":\"https:\/\/schema.org\",\"@graph\":[{\"@type\":\"WebPage\",\"@id\":\"https:\/\/www.bustan.ly\/produit\/%d8%b4%d8%a7%d9%8a-%d9%83%d9%8a%d8%af%d8%a7%d9%84\/\",\"url\":\"https:\/\/www.bustan.ly\/produit\/%d8%b4%d8%a7%d9%8a-%d9%83%d9%8a%d8%af%d8%a7%d9%84\/\",\"name\":\"Th\u00e9 Kidal | BUSTAN Co.\",\"isPartOf\":{\"@id\":\"https:\/\/www.bustan.ly\/#website\"},\"primaryImageOfPage\":{\"@id\":\"https:\/\/www.bustan.ly\/produit\/%d8%b4%d8%a7%d9%8a-%d9%83%d9%8a%d8%af%d8%a7%d9%84\/#primaryimage\"},\"image\":{\"@id\":\"https:\/\/www.bustan.ly\/produit\/%d8%b4%d8%a7%d9%8a-%d9%83%d9%8a%d8%af%d8%a7%d9%84\/#primaryimage\"},\"thumbnailUrl\":\"https:\/\/www.bustan.ly\/wp-content\/uploads\/2024\/08\/p-_0021_kidal.jpg\",\"datePublished\":\"2024-09-04T11:02:36+00:00\",\"dateModified\":\"2024-09-05T08:47:20+00:00\",\"description\":\"Th\u00e9 Kidal, th\u00e9 d'\u00e9lite. Profitez de la saveur du th\u00e9. Disponible actuellement dans les salles de l'entreprise en emballages de 25 g, 100 g, 200 g et 250 g\",\"breadcrumb\":{\"@id\":\"https:\/\/www.bustan.ly\/produit\/%d8%b4%d8%a7%d9%8a-%d9%83%d9%8a%d8%af%d8%a7%d9%84\/#breadcrumb\"},\"inLanguage\":\"fr-FR\",\"potentialAction\":[{\"@type\":\"ReadAction\",\"target\":[\"https:\/\/www.bustan.ly\/produit\/%d8%b4%d8%a7%d9%8a-%d9%83%d9%8a%d8%af%d8%a7%d9%84\/\"]}]},{\"@type\":\"ImageObject\",\"inLanguage\":\"fr-FR\",\"@id\":\"https:\/\/www.bustan.ly\/produit\/%d8%b4%d8%a7%d9%8a-%d9%83%d9%8a%d8%af%d8%a7%d9%84\/#primaryimage\",\"url\":\"https:\/\/www.bustan.ly\/wp-content\/uploads\/2024\/08\/p-_0021_kidal.jpg\",\"contentUrl\":\"https:\/\/www.bustan.ly\/wp-content\/uploads\/2024\/08\/p-_0021_kidal.jpg\",\"width\":800,\"height\":800},{\"@type\":\"BreadcrumbList\",\"@id\":\"https:\/\/www.bustan.ly\/produit\/%d8%b4%d8%a7%d9%8a-%d9%83%d9%8a%d8%af%d8%a7%d9%84\/#breadcrumb\",\"itemListElement\":[{\"@type\":\"ListItem\",\"position\":1,\"name\":\"Accueil\",\"item\":\"https:\/\/www.bustan.ly\/\"},{\"@type\":\"ListItem\",\"position\":2,\"name\":\"\u0627\u0644\u0645\u0646\u062a\u062c\u0627\u062a\",\"item\":\"https:\/\/www.bustan.ly\/shop__trashed\/\"},{\"@type\":\"ListItem\",\"position\":3,\"name\":\"Th\u00e9 Kidal\"}]},{\"@type\":\"WebSite\",\"@id\":\"https:\/\/www.bustan.ly\/#website\",\"url\":\"https:\/\/www.bustan.ly\/\",\"name\":\"BUSTAN Co.\",\"description\":\"\u0645\u0630\u0627\u0642 \u0639\u0627\u0644\u064a \u0639\u0644\u0649 \u0645\u0631 \u0627\u0644\u0639\u0635\u0648\u0631\",\"potentialAction\":[{\"@type\":\"SearchAction\",\"target\":{\"@type\":\"EntryPoint\",\"urlTemplate\":\"https:\/\/www.bustan.ly\/?s={search_term_string}\"},\"query-input\":{\"@type\":\"PropertyValueSpecification\",\"valueRequired\":true,\"valueName\":\"search_term_string\"}}],\"inLanguage\":\"fr-FR\"}]}<\/script>\n<!-- \/ Yoast SEO plugin. -->","yoast_head_json":{"title":"Th\u00e9 Kidal | BUSTAN Co.","description":"Th\u00e9 Kidal, th\u00e9 d'\u00e9lite. Profitez de la saveur du th\u00e9. Disponible actuellement dans les salles de l'entreprise en emballages de 25 g, 100 g, 200 g et 250 g","robots":{"index":"index","follow":"follow","max-snippet":"max-snippet:-1","max-image-preview":"max-image-preview:large","max-video-preview":"max-video-preview:-1"},"canonical":"https:\/\/www.bustan.ly\/fr\/produit\/\u0634\u0627\u064a-\u0643\u064a\u062f\u0627\u0644\/","og_locale":"fr_FR","og_type":"article","og_title":"Th\u00e9 Kidal | BUSTAN Co.","og_description":"Th\u00e9 Kidal, th\u00e9 d'\u00e9lite. Profitez de la saveur du th\u00e9. Disponible actuellement dans les salles de l'entreprise en emballages de 25 g, 100 g, 200 g et 250 g","og_url":"https:\/\/www.bustan.ly\/produit\/\u0634\u0627\u064a-\u0643\u064a\u062f\u0627\u0644\/","og_site_name":"BUSTAN Co.","article_modified_time":"2024-09-05T08:47:20+00:00","og_image":[{"width":800,"height":800,"url":"https:\/\/www.bustan.ly\/wp-content\/uploads\/2024\/08\/p-_0021_kidal.jpg","type":"image\/jpeg"}],"twitter_card":"summary_large_image","schema":{"@context":"https:\/\/schema.org","@graph":[{"@type":"WebPage","@id":"https:\/\/www.bustan.ly\/produit\/%d8%b4%d8%a7%d9%8a-%d9%83%d9%8a%d8%af%d8%a7%d9%84\/","url":"https:\/\/www.bustan.ly\/produit\/%d8%b4%d8%a7%d9%8a-%d9%83%d9%8a%d8%af%d8%a7%d9%84\/","name":"Th\u00e9 Kidal | BUSTAN Co.","isPartOf":{"@id":"https:\/\/www.bustan.ly\/#website"},"primaryImageOfPage":{"@id":"https:\/\/www.bustan.ly\/produit\/%d8%b4%d8%a7%d9%8a-%d9%83%d9%8a%d8%af%d8%a7%d9%84\/#primaryimage"},"image":{"@id":"https:\/\/www.bustan.ly\/produit\/%d8%b4%d8%a7%d9%8a-%d9%83%d9%8a%d8%af%d8%a7%d9%84\/#primaryimage"},"thumbnailUrl":"https:\/\/www.bustan.ly\/wp-content\/uploads\/2024\/08\/p-_0021_kidal.jpg","datePublished":"2024-09-04T11:02:36+00:00","dateModified":"2024-09-05T08:47:20+00:00","description":"Th\u00e9 Kidal, th\u00e9 d'\u00e9lite. Profitez de la saveur du th\u00e9. Disponible actuellement dans les salles de l'entreprise en emballages de 25 g, 100 g, 200 g et 250 g","breadcrumb":{"@id":"https:\/\/www.bustan.ly\/produit\/%d8%b4%d8%a7%d9%8a-%d9%83%d9%8a%d8%af%d8%a7%d9%84\/#breadcrumb"},"inLanguage":"fr-FR","potentialAction":[{"@type":"ReadAction","target":["https:\/\/www.bustan.ly\/produit\/%d8%b4%d8%a7%d9%8a-%d9%83%d9%8a%d8%af%d8%a7%d9%84\/"]}]},{"@type":"ImageObject","inLanguage":"fr-FR","@id":"https:\/\/www.bustan.ly\/produit\/%d8%b4%d8%a7%d9%8a-%d9%83%d9%8a%d8%af%d8%a7%d9%84\/#primaryimage","url":"https:\/\/www.bustan.ly\/wp-content\/uploads\/2024\/08\/p-_0021_kidal.jpg","contentUrl":"https:\/\/www.bustan.ly\/wp-content\/uploads\/2024\/08\/p-_0021_kidal.jpg","width":800,"height":800},{"@type":"BreadcrumbList","@id":"https:\/\/www.bustan.ly\/produit\/%d8%b4%d8%a7%d9%8a-%d9%83%d9%8a%d8%af%d8%a7%d9%84\/#breadcrumb","itemListElement":[{"@type":"ListItem","position":1,"name":"Accueil","item":"https:\/\/www.bustan.ly\/"},{"@type":"ListItem","position":2,"name":"\u0627\u0644\u0645\u0646\u062a\u062c\u0627\u062a","item":"https:\/\/www.bustan.ly\/shop__trashed\/"},{"@type":"ListItem","position":3,"name":"Th\u00e9 Kidal"}]},{"@type":"WebSite","@id":"https:\/\/www.bustan.ly\/#website","url":"https:\/\/www.bustan.ly\/","name":"BUSTAN Co.","description":"\u0645\u0630\u0627\u0642 \u0639\u0627\u0644\u064a \u0639\u0644\u0649 \u0645\u0631 \u0627\u0644\u0639\u0635\u0648\u0631","potentialAction":[{"@type":"SearchAction","target":{"@type":"EntryPoint","urlTemplate":"https:\/\/www.bustan.ly\/?s={search_term_string}"},"query-input":{"@type":"PropertyValueSpecification","valueRequired":true,"valueName":"search_term_string"}}],"inLanguage":"fr-FR"}]}},"_links":{"self":[{"href":"https:\/\/www.bustan.ly\/fr\/wp-json\/wp\/v2\/product\/3663","targetHints":{"allow":["GET"]}}],"collection":[{"href":"https:\/\/www.bustan.ly\/fr\/wp-json\/wp\/v2\/product"}],"about":[{"href":"https:\/\/www.bustan.ly\/fr\/wp-json\/wp\/v2\/types\/product"}],"wp:featuredmedia":[{"embeddable":true,"href":"https:\/\/www.bustan.ly\/fr\/wp-json\/wp\/v2\/media\/2575"}],"wp:attachment":[{"href":"https:\/\/www.bustan.ly\/fr\/wp-json\/wp\/v2\/media?parent=3663"}],"wp:term":[{"taxonomy":"product_cat","embeddable":true,"href":"https:\/\/www.bustan.ly\/fr\/wp-json\/wp\/v2\/product_cat?post=3663"},{"taxonomy":"product_tag","embeddable":true,"href":"https:\/\/www.bustan.ly\/fr\/wp-json\/wp\/v2\/product_tag?post=3663"}],"curies":[{"name":"wp","href":"https:\/\/api.w.org\/{rel}","templated":true}]}}