{"id":69,"date":"2024-04-28T04:57:35","date_gmt":"2024-04-28T04:57:35","guid":{"rendered":"https:\/\/wordpress.themeholy.com\/restar\/?page_id=69"},"modified":"2024-09-17T13:10:05","modified_gmt":"2024-09-17T11:10:05","slug":"contact","status":"publish","type":"page","link":"https:\/\/www.bustan.ly\/fr\/contact\/","title":{"rendered":"Contact"},"content":{"rendered":"\t\t<div data-elementor-type=\"wp-page\" data-elementor-id=\"69\" class=\"elementor elementor-69\">\n\t\t\t\t<div class=\"elementor-element elementor-element-80c3dce e-flex e-con-boxed e-con e-parent\" data-id=\"80c3dce\" data-element_type=\"container\">\n\t\t\t\t\t<div class=\"e-con-inner\">\n\t\t<div class=\"elementor-element elementor-element-53675ff e-con-full e-flex e-con e-child\" data-id=\"53675ff\" data-element_type=\"container\">\n\t\t<div class=\"elementor-element elementor-element-a2a556e e-con-full contact-feature-area e-flex e-con e-child\" data-id=\"a2a556e\" data-element_type=\"container\" data-settings=\"{&quot;background_background&quot;:&quot;classic&quot;}\">\n\t\t\r\n\t\t<div class=\"elementor-element elementor-element-9a47e4d elementor-widget elementor-widget-restarsectiontitle\" data-id=\"9a47e4d\" data-element_type=\"widget\" data-widget_type=\"restarsectiontitle.default\">\n\t\t\t\t<div class=\"elementor-widget-container\">\n\t\t\t\t\t<div class=\"title-area text-right  mb-32\">\r\n\t\t\t<h2 class=\"sec-title  \">Informations de Contact<\/h2><div class=\"text-ani\"><p class=\"sec-text\">N'h\u00e9sitez pas \u00e0 nous contacter. Nous sommes ici pour vous servir et r\u00e9pondre \u00e0 toutes vos questions. Que vous ayez besoin d'informations suppl\u00e9mentaires sur nos services ou souhaitiez faire part de vos commentaires ou suggestions, notre \u00e9quipe est toujours pr\u00eate \u00e0 vous aider. Contactez nous par t\u00e9l\u00e9phone ou par e-mail, et nous nous efforcerons de vous r\u00e9pondre dans les plus brefs d\u00e9lais.<\/p><\/div>\t\t<\/div>\r\n\r\n\t\t\t<\/div>\n\t\t\t\t<\/div>\n\t\t\t\t<div class=\"elementor-element elementor-element-8105e37 elementor-widget elementor-widget-restarcontactinfo\" data-id=\"8105e37\" data-element_type=\"widget\" data-widget_type=\"restarcontactinfo.default\">\n\t\t\t\t<div class=\"elementor-widget-container\">\n\t\t\t<div class=\"contact-feature-wrap\"><div class=\"contact-feature\"><div class=\"box-icon\">\r\n\t\t\t\t\t\t<i class=\"fal fa-location-dot\"><\/i>\r\n\t\t\t\t\t<\/div><div class=\"media-body\"><h3 class=\"box-title text-ani\">Adresse:<\/h3><p class=\"box-text text-ani\">Ben Achour, Tripoli, Libye.<\/p><\/div><\/div><div class=\"contact-feature\"><div class=\"box-icon\">\r\n\t\t\t\t\t\t<i class=\"fal fa-envelope\"><\/i>\r\n\t\t\t\t\t<\/div><div class=\"media-body\"><h3 class=\"box-title text-ani\">Adresse E-Mail:<\/h3><p class=\"box-text text-ani\"><a href=\"mailto:info@bustan-co.com\">info@bustan-co.com<\/a><\/p><\/div><\/div><div class=\"contact-feature\"><div class=\"box-icon\">\r\n\t\t\t\t\t\t<i class=\"fal fa-phone\"><\/i>\r\n\t\t\t\t\t<\/div><div class=\"media-body\"><h3 class=\"box-title text-ani\">Num\u00e9ro de T\u00e9l\u00e9phone:<\/h3><p class=\"box-text text-ani\"><a href=\"tel:218 92-5146004\">218 92-5146004<\/a><\/p><\/div><\/div><\/div>\t\t<\/div>\n\t\t\t\t<\/div>\n\t\t\t\t<div class=\"elementor-element elementor-element-81b2a73 elementor-widget elementor-widget-restarsocial\" data-id=\"81b2a73\" data-element_type=\"widget\" data-widget_type=\"restarsocial.default\">\n\t\t\t\t<div class=\"elementor-widget-container\">\n\t\t\t<div class=\"th-social\"><a  rel=\"nofollow\" href=\"https:\/\/www.facebook.com\"><i aria-hidden=\"true\" class=\"fab fa-facebook-f\"><\/i><\/a> <a  rel=\"nofollow\" href=\"https:\/\/www.twitter.com\"><i aria-hidden=\"true\" class=\"fab fa-twitter\"><\/i><\/a> <a  rel=\"nofollow\" href=\"https:\/\/www.instagram.com\"><i aria-hidden=\"true\" class=\"fab fa-instagram\"><\/i><\/a> <a  rel=\"nofollow\" href=\"https:\/\/www.linkedin.com\"><i aria-hidden=\"true\" class=\"fab fa-linkedin-in\"><\/i><\/a> <\/div>\t\t<\/div>\n\t\t\t\t<\/div>\n\t\t\t\t<\/div>\n\t\t\t\t<\/div>\n\t\t<div class=\"elementor-element elementor-element-d1877fa e-con-full e-flex e-con e-child\" data-id=\"d1877fa\" data-element_type=\"container\">\n\t\t\t\t<div class=\"elementor-element elementor-element-927aa78 elementor-widget elementor-widget-restarcontactform\" data-id=\"927aa78\" data-element_type=\"widget\" data-widget_type=\"restarcontactform.default\">\n\t\t\t\t<div class=\"elementor-widget-container\">\n\t\t\t<div class=\"th-form-area\">\n<div class=\"wpcf7 no-js\" id=\"wpcf7-f3792-o1\" lang=\"en-US\" dir=\"ltr\">\n<div class=\"screen-reader-response\"><p role=\"status\" aria-live=\"polite\" aria-atomic=\"true\"><\/p> <ul><\/ul><\/div>\n<form action=\"\/fr\/wp-json\/wp\/v2\/pages\/69#wpcf7-f3792-o1\" method=\"post\" class=\"wpcf7-form init\" aria-label=\"Contact form\" novalidate=\"novalidate\" data-status=\"init\">\n<div style=\"display: none;\">\n<input type=\"hidden\" name=\"_wpcf7\" value=\"3792\" \/>\n<input type=\"hidden\" name=\"_wpcf7_version\" value=\"5.9.8\" \/>\n<input type=\"hidden\" name=\"_wpcf7_locale\" value=\"en_US\" \/>\n<input type=\"hidden\" name=\"_wpcf7_unit_tag\" value=\"wpcf7-f3792-o1\" \/>\n<input type=\"hidden\" name=\"_wpcf7_container_post\" value=\"0\" \/>\n<input type=\"hidden\" name=\"_wpcf7_posted_data_hash\" value=\"\" \/>\n<input type=\"hidden\" name=\"_wpcf7_recaptcha_response\" value=\"\" \/>\n<\/div>\n<div class=\"reservation-form3\">\n    <div class=\"row\">\n <div class=\"form-group col-12\">\n            <span class=\"wpcf7-form-control-wrap\" data-name=\"text-540\"><input size=\"40\" maxlength=\"400\" class=\"wpcf7-form-control wpcf7-text wpcf7-validates-as-required form-control\" aria-required=\"true\" aria-invalid=\"false\" placeholder=\"Nom\" value=\"\" type=\"text\" name=\"text-540\" \/><\/span>\n            <i class=\"fal fa-user\"><\/i>\n        <\/div>\n\n <div class=\"form-group col-12\">\n            <span class=\"wpcf7-form-control-wrap\" data-name=\"text-467\"><input size=\"40\" maxlength=\"400\" class=\"wpcf7-form-control wpcf7-text wpcf7-validates-as-required form-control\" aria-required=\"true\" aria-invalid=\"false\" placeholder=\"Pr\u00e9nom\" value=\"\" type=\"text\" name=\"text-467\" \/><\/span>\n            <i class=\"fal fa-user\"><\/i>\n        <\/div>\n\n        <div class=\"form-group col-12\">\n            <span class=\"wpcf7-form-control-wrap\" data-name=\"phone-number\"><input size=\"40\" maxlength=\"400\" class=\"wpcf7-form-control wpcf7-tel wpcf7-validates-as-required wpcf7-text wpcf7-validates-as-tel form-control\" aria-required=\"true\" aria-invalid=\"false\" placeholder=\"T\u00e9l\u00e9phone\" value=\"\" type=\"tel\" name=\"phone-number\" \/><\/span>\n            <i class=\"fal fa-phone\"><\/i>\n        <\/div>\n\n <div class=\"form-group col-12\">\n            <span class=\"wpcf7-form-control-wrap\" data-name=\"email-915\"><input size=\"40\" maxlength=\"400\" class=\"wpcf7-form-control wpcf7-email wpcf7-text wpcf7-validates-as-email form-control\" aria-invalid=\"false\" placeholder=\"E-mail\" value=\"\" type=\"email\" name=\"email-915\" \/><\/span>\n            <i class=\"fal fa-envelope\"><\/i>\n        <\/div>\n\n       \n <div class=\"form-group col-12\">\n            <span class=\"wpcf7-form-control-wrap\" data-name=\"textarea-394\"><textarea cols=\"40\" rows=\"10\" maxlength=\"2000\" class=\"wpcf7-form-control wpcf7-textarea form-control\" aria-invalid=\"false\" placeholder=\"Message\" name=\"textarea-394\"><\/textarea><\/span>\n            <i class=\"fal fa-comment\"><\/i>\n        <\/div>\n    <\/div>\n<span class=\"wpcf7-form-control-wrap recaptcha\" data-name=\"recaptcha\"><span data-sitekey=\"6LdpaTcqAAAAAJoloG3ne1D872QGWPTbAJ40XbBp\" class=\"wpcf7-form-control wpcf7-recaptcha g-recaptcha\"><\/span>\r\n<noscript>\r\n\t<div class=\"grecaptcha-noscript\">\r\n\t\t<iframe src=\"https:\/\/www.google.com\/recaptcha\/api\/fallback?k=6LdpaTcqAAAAAJoloG3ne1D872QGWPTbAJ40XbBp\" frameborder=\"0\" scrolling=\"no\" width=\"310\" height=\"430\">\r\n\t\t<\/iframe>\r\n\t\t<textarea name=\"g-recaptcha-response\" rows=\"3\" cols=\"40\" placeholder=\"reCaptcha Response Here\">\r\n\t\t<\/textarea>\r\n\t<\/div>\r\n<\/noscript>\r\n<\/span>\n  <div class=\"bt_envoye\">   <input class=\"wpcf7-form-control wpcf7-submit has-spinner\" type=\"submit\" value=\"Envoyer\" \/> <\/div>\n<\/div><div class=\"wpcf7-response-output\" aria-hidden=\"true\"><\/div>\n<\/form>\n<\/div>\n<\/div>\t\t<\/div>\n\t\t\t\t<\/div>\n\t\t\t\t<\/div>\n\t\t\t\t\t<\/div>\n\t\t\t\t<\/div>\n\t\t\t\t<\/div>\n\t\t","protected":false},"excerpt":{"rendered":"<p>Informations de Contact N&#8217;h\u00e9sitez pas \u00e0 nous contacter. Nous sommes ici pour vous servir et r\u00e9pondre \u00e0 toutes vos questions. Que vous ayez besoin d&#8217;informations suppl\u00e9mentaires sur nos services ou souhaitiez faire part de vos commentaires ou suggestions, notre \u00e9quipe est toujours pr\u00eate \u00e0 vous aider. Contactez nous par t\u00e9l\u00e9phone ou par e-mail, et nous&#8230;<\/p>\n","protected":false},"author":1,"featured_media":0,"parent":0,"menu_order":0,"comment_status":"closed","ping_status":"closed","template":"template-builder.php","meta":{"footnotes":""},"class_list":["post-69","page","type-page","status-publish","hentry"],"yoast_head":"<!-- This site is optimized with the Yoast SEO plugin v23.4 - https:\/\/yoast.com\/wordpress\/plugins\/seo\/ -->\n<title>Contactez-nous | Albustan Al Ghethayi Co<\/title>\n<meta name=\"description\" content=\"Contactez Albustan Al Ghethayi Co pour importer des th\u00e9s vert et noir de qualit\u00e9 sup\u00e9rieure en Libye. Nous sommes l\u00e0 pour r\u00e9pondre \u00e0 toutes vos demandes.\" \/>\n<meta name=\"robots\" content=\"index, follow, max-snippet:-1, max-image-preview:large, max-video-preview:-1\" \/>\n<link rel=\"canonical\" href=\"https:\/\/www.bustan.ly\/fr\/\u0627\u062a\u0635\u0644-\u0628\u0646\u0627\/\" \/>\n<meta property=\"og:locale\" content=\"fr_FR\" \/>\n<meta property=\"og:type\" content=\"article\" \/>\n<meta property=\"og:title\" content=\"Contactez-nous | Albustan Al Ghethayi Co\" \/>\n<meta property=\"og:description\" content=\"Contactez Albustan Al Ghethayi Co pour importer des th\u00e9s vert et noir de qualit\u00e9 sup\u00e9rieure en Libye. Nous sommes l\u00e0 pour r\u00e9pondre \u00e0 toutes vos demandes.\" \/>\n<meta property=\"og:url\" content=\"https:\/\/www.bustan.ly\/\u0627\u062a\u0635\u0644-\u0628\u0646\u0627\/\" \/>\n<meta property=\"og:site_name\" content=\"BUSTAN Co.\" \/>\n<meta property=\"article:modified_time\" content=\"2024-09-17T11:10:05+00:00\" \/>\n<meta name=\"twitter:card\" content=\"summary_large_image\" \/>\n<meta name=\"twitter:label1\" content=\"Dur\u00e9e de lecture estim\u00e9e\" \/>\n\t<meta name=\"twitter:data1\" content=\"1 minute\" \/>\n<script type=\"application\/ld+json\" class=\"yoast-schema-graph\">{\"@context\":\"https:\/\/schema.org\",\"@graph\":[{\"@type\":\"WebPage\",\"@id\":\"https:\/\/www.bustan.ly\/%d8%a7%d8%aa%d8%b5%d9%84-%d8%a8%d9%86%d8%a7\/\",\"url\":\"https:\/\/www.bustan.ly\/%d8%a7%d8%aa%d8%b5%d9%84-%d8%a8%d9%86%d8%a7\/\",\"name\":\"Contactez-nous | Albustan Al Ghethayi Co\",\"isPartOf\":{\"@id\":\"https:\/\/www.bustan.ly\/#website\"},\"datePublished\":\"2024-04-28T04:57:35+00:00\",\"dateModified\":\"2024-09-17T11:10:05+00:00\",\"description\":\"Contactez Albustan Al Ghethayi Co pour importer des th\u00e9s vert et noir de qualit\u00e9 sup\u00e9rieure en Libye. Nous sommes l\u00e0 pour r\u00e9pondre \u00e0 toutes vos demandes.\",\"breadcrumb\":{\"@id\":\"https:\/\/www.bustan.ly\/%d8%a7%d8%aa%d8%b5%d9%84-%d8%a8%d9%86%d8%a7\/#breadcrumb\"},\"inLanguage\":\"fr-FR\",\"potentialAction\":[{\"@type\":\"ReadAction\",\"target\":[\"https:\/\/www.bustan.ly\/%d8%a7%d8%aa%d8%b5%d9%84-%d8%a8%d9%86%d8%a7\/\"]}]},{\"@type\":\"BreadcrumbList\",\"@id\":\"https:\/\/www.bustan.ly\/%d8%a7%d8%aa%d8%b5%d9%84-%d8%a8%d9%86%d8%a7\/#breadcrumb\",\"itemListElement\":[{\"@type\":\"ListItem\",\"position\":1,\"name\":\"Accueil\",\"item\":\"https:\/\/www.bustan.ly\/\"},{\"@type\":\"ListItem\",\"position\":2,\"name\":\"Contact\"}]},{\"@type\":\"WebSite\",\"@id\":\"https:\/\/www.bustan.ly\/#website\",\"url\":\"https:\/\/www.bustan.ly\/\",\"name\":\"BUSTAN Co.\",\"description\":\"\u0645\u0630\u0627\u0642 \u0639\u0627\u0644\u064a \u0639\u0644\u0649 \u0645\u0631 \u0627\u0644\u0639\u0635\u0648\u0631\",\"potentialAction\":[{\"@type\":\"SearchAction\",\"target\":{\"@type\":\"EntryPoint\",\"urlTemplate\":\"https:\/\/www.bustan.ly\/?s={search_term_string}\"},\"query-input\":{\"@type\":\"PropertyValueSpecification\",\"valueRequired\":true,\"valueName\":\"search_term_string\"}}],\"inLanguage\":\"fr-FR\"}]}<\/script>\n<!-- \/ Yoast SEO plugin. -->","yoast_head_json":{"title":"Contactez-nous | Albustan Al Ghethayi Co","description":"Contactez Albustan Al Ghethayi Co pour importer des th\u00e9s vert et noir de qualit\u00e9 sup\u00e9rieure en Libye. Nous sommes l\u00e0 pour r\u00e9pondre \u00e0 toutes vos demandes.","robots":{"index":"index","follow":"follow","max-snippet":"max-snippet:-1","max-image-preview":"max-image-preview:large","max-video-preview":"max-video-preview:-1"},"canonical":"https:\/\/www.bustan.ly\/fr\/\u0627\u062a\u0635\u0644-\u0628\u0646\u0627\/","og_locale":"fr_FR","og_type":"article","og_title":"Contactez-nous | Albustan Al Ghethayi Co","og_description":"Contactez Albustan Al Ghethayi Co pour importer des th\u00e9s vert et noir de qualit\u00e9 sup\u00e9rieure en Libye. Nous sommes l\u00e0 pour r\u00e9pondre \u00e0 toutes vos demandes.","og_url":"https:\/\/www.bustan.ly\/\u0627\u062a\u0635\u0644-\u0628\u0646\u0627\/","og_site_name":"BUSTAN Co.","article_modified_time":"2024-09-17T11:10:05+00:00","twitter_card":"summary_large_image","twitter_misc":{"Dur\u00e9e de lecture estim\u00e9e":"1 minute"},"schema":{"@context":"https:\/\/schema.org","@graph":[{"@type":"WebPage","@id":"https:\/\/www.bustan.ly\/%d8%a7%d8%aa%d8%b5%d9%84-%d8%a8%d9%86%d8%a7\/","url":"https:\/\/www.bustan.ly\/%d8%a7%d8%aa%d8%b5%d9%84-%d8%a8%d9%86%d8%a7\/","name":"Contactez-nous | Albustan Al Ghethayi Co","isPartOf":{"@id":"https:\/\/www.bustan.ly\/#website"},"datePublished":"2024-04-28T04:57:35+00:00","dateModified":"2024-09-17T11:10:05+00:00","description":"Contactez Albustan Al Ghethayi Co pour importer des th\u00e9s vert et noir de qualit\u00e9 sup\u00e9rieure en Libye. Nous sommes l\u00e0 pour r\u00e9pondre \u00e0 toutes vos demandes.","breadcrumb":{"@id":"https:\/\/www.bustan.ly\/%d8%a7%d8%aa%d8%b5%d9%84-%d8%a8%d9%86%d8%a7\/#breadcrumb"},"inLanguage":"fr-FR","potentialAction":[{"@type":"ReadAction","target":["https:\/\/www.bustan.ly\/%d8%a7%d8%aa%d8%b5%d9%84-%d8%a8%d9%86%d8%a7\/"]}]},{"@type":"BreadcrumbList","@id":"https:\/\/www.bustan.ly\/%d8%a7%d8%aa%d8%b5%d9%84-%d8%a8%d9%86%d8%a7\/#breadcrumb","itemListElement":[{"@type":"ListItem","position":1,"name":"Accueil","item":"https:\/\/www.bustan.ly\/"},{"@type":"ListItem","position":2,"name":"Contact"}]},{"@type":"WebSite","@id":"https:\/\/www.bustan.ly\/#website","url":"https:\/\/www.bustan.ly\/","name":"BUSTAN Co.","description":"\u0645\u0630\u0627\u0642 \u0639\u0627\u0644\u064a \u0639\u0644\u0649 \u0645\u0631 \u0627\u0644\u0639\u0635\u0648\u0631","potentialAction":[{"@type":"SearchAction","target":{"@type":"EntryPoint","urlTemplate":"https:\/\/www.bustan.ly\/?s={search_term_string}"},"query-input":{"@type":"PropertyValueSpecification","valueRequired":true,"valueName":"search_term_string"}}],"inLanguage":"fr-FR"}]}},"_links":{"self":[{"href":"https:\/\/www.bustan.ly\/fr\/wp-json\/wp\/v2\/pages\/69","targetHints":{"allow":["GET"]}}],"collection":[{"href":"https:\/\/www.bustan.ly\/fr\/wp-json\/wp\/v2\/pages"}],"about":[{"href":"https:\/\/www.bustan.ly\/fr\/wp-json\/wp\/v2\/types\/page"}],"author":[{"embeddable":true,"href":"https:\/\/www.bustan.ly\/fr\/wp-json\/wp\/v2\/users\/1"}],"replies":[{"embeddable":true,"href":"https:\/\/www.bustan.ly\/fr\/wp-json\/wp\/v2\/comments?post=69"}],"version-history":[{"count":19,"href":"https:\/\/www.bustan.ly\/fr\/wp-json\/wp\/v2\/pages\/69\/revisions"}],"predecessor-version":[{"id":3833,"href":"https:\/\/www.bustan.ly\/fr\/wp-json\/wp\/v2\/pages\/69\/revisions\/3833"}],"wp:attachment":[{"href":"https:\/\/www.bustan.ly\/fr\/wp-json\/wp\/v2\/media?parent=69"}],"curies":[{"name":"wp","href":"https:\/\/api.w.org\/{rel}","templated":true}]}}