{"id":52,"date":"2024-04-28T04:50:35","date_gmt":"2024-04-28T04:50:35","guid":{"rendered":"https:\/\/wordpress.themeholy.com\/restar\/?page_id=52"},"modified":"2024-09-17T12:45:33","modified_gmt":"2024-09-17T10:45:33","slug":"presentation","status":"publish","type":"page","link":"https:\/\/www.bustan.ly\/fr\/presentation\/","title":{"rendered":"Pr\u00e9sentation"},"content":{"rendered":"\t\t<div data-elementor-type=\"wp-page\" data-elementor-id=\"52\" class=\"elementor elementor-52\">\n\t\t\t\t<div class=\"elementor-element elementor-element-b4f2139 e-con-full e-flex e-con e-parent\" data-id=\"b4f2139\" data-element_type=\"container\">\n\t\t\r\n\t\t<div class=\"elementor-element elementor-element-97d04e8 elementor-widget elementor-widget-restarshapeimage\" data-id=\"97d04e8\" data-element_type=\"widget\" data-widget_type=\"restarshapeimage.default\">\n\t\t\t\t<div class=\"elementor-widget-container\">\n\t\t\t<!-- Image --><div class=\"shape-mockup  jump \" data-top=\"10%\" data-right=\"0.01%\"><img decoding=\"async\" src=\"https:\/\/www.bustan.ly\/wp-content\/uploads\/2024\/09\/image0202.png\" data-speed=\"1.1\" alt=\"Shape Image\" ><\/div><!-- End Image -->\t\t<\/div>\n\t\t\t\t<\/div>\n\t\t\t\t<div class=\"elementor-element elementor-element-71dd14a elementor-widget elementor-widget-restarshapeimage\" data-id=\"71dd14a\" data-element_type=\"widget\" data-widget_type=\"restarshapeimage.default\">\n\t\t\t\t<div class=\"elementor-widget-container\">\n\t\t\t<!-- Image --><div class=\"shape-mockup  jump \" data-bottom=\"2%\" data-right=\"8%\"><img decoding=\"async\" src=\"https:\/\/www.bustan.ly\/wp-content\/uploads\/2024\/09\/garlic_1-1.png\" data-speed=\"1.12\" alt=\"Shape Image\" ><\/div><!-- End Image -->\t\t<\/div>\n\t\t\t\t<\/div>\n\t\t<div class=\"elementor-element elementor-element-31d1c1a e-flex e-con-boxed e-con e-child\" data-id=\"31d1c1a\" data-element_type=\"container\">\n\t\t\t\t\t<div class=\"e-con-inner\">\n\t\t<div class=\"elementor-element elementor-element-9917fdb e-con-full e-flex e-con e-child\" data-id=\"9917fdb\" data-element_type=\"container\">\n\t\t<div class=\"elementor-element elementor-element-508561f e-con-full ps-xxl-5 e-flex e-con e-child\" data-id=\"508561f\" data-element_type=\"container\">\n\t\t\t\t<div class=\"elementor-element elementor-element-e9cd724 elementor-widget elementor-widget-restarsectiontitle\" data-id=\"e9cd724\" data-element_type=\"widget\" data-widget_type=\"restarsectiontitle.default\">\n\t\t\t\t<div class=\"elementor-widget-container\">\n\t\t\t\t\t<div class=\"title-area text-center mb-35\">\r\n\t\t\t<h2 class=\"sec-title  \">Le Leader dans la L'importation et la Commercialisation des meilleurs types de th\u00e9.<\/h2>\t\t<\/div>\r\n\r\n\t\t\t<\/div>\n\t\t\t\t<\/div>\n\t\t\t\t<div class=\"elementor-element elementor-element-7c59e98 elementor-widget elementor-widget-text-editor\" data-id=\"7c59e98\" data-element_type=\"widget\" data-widget_type=\"text-editor.default\">\n\t\t\t\t<div class=\"elementor-widget-container\">\n\t\t\t<style>\/*! elementor - v3.23.0 - 05-08-2024 *\/\n.elementor-widget-text-editor.elementor-drop-cap-view-stacked .elementor-drop-cap{background-color:#69727d;color:#fff}.elementor-widget-text-editor.elementor-drop-cap-view-framed .elementor-drop-cap{color:#69727d;border:3px solid;background-color:transparent}.elementor-widget-text-editor:not(.elementor-drop-cap-view-default) .elementor-drop-cap{margin-top:8px}.elementor-widget-text-editor:not(.elementor-drop-cap-view-default) .elementor-drop-cap-letter{width:1em;height:1em}.elementor-widget-text-editor .elementor-drop-cap{float:right;text-align:center;line-height:1;font-size:50px}.elementor-widget-text-editor .elementor-drop-cap-letter{display:inline-block}<\/style>\t\t\t\t<p>Albustan Al Ghethayi Co.\u00a0 Marque leader sp\u00e9cialis\u00e9e dans l&#8217;importation et la commercialisation des meilleurs types de th\u00e9. Fond\u00e9e dans le but d&#8217;offrir une exp\u00e9rience de th\u00e9 unique qui r\u00e9pond aux attentes des amateurs de th\u00e9 partout dans le monde, Nous sommes fiers de s\u00e9lectionner les meilleures feuilles de th\u00e9 provenant des fermes les plus distingu\u00e9es \u00e0 travers le globe, garantissant ainsi des produits de haute qualit\u00e9 avec des saveurs inoubliables. Nous nous effor\u00e7ons toujours d&#8217;innover et de renouveler nos produits tout en maintenant les plus hauts standards de qualit\u00e9 \u00e0 chaque \u00e9tape de la production.<\/p>\t\t\t\t\t\t<\/div>\n\t\t\t\t<\/div>\n\t\t\t\t<div class=\"elementor-element elementor-element-431c47a elementor-widget elementor-widget-image\" data-id=\"431c47a\" data-element_type=\"widget\" data-widget_type=\"image.default\">\n\t\t\t\t<div class=\"elementor-widget-container\">\n\t\t\t<style>\/*! elementor - v3.23.0 - 05-08-2024 *\/\n.elementor-widget-image{text-align:center}.elementor-widget-image a{display:inline-block}.elementor-widget-image a img[src$=\".svg\"]{width:48px}.elementor-widget-image img{vertical-align:middle;display:inline-block}<\/style>\t\t\t\t\t\t\t\t\t\t<img decoding=\"async\" width=\"278\" height=\"8\" src=\"https:\/\/www.bustan.ly\/wp-content\/uploads\/2024\/09\/line_dotted_1.svg\" class=\"attachment-full size-full wp-image-3548\" alt=\"\" \/>\t\t\t\t\t\t\t\t\t\t\t\t\t<\/div>\n\t\t\t\t<\/div>\n\t\t\t\t<\/div>\n\t\t<div class=\"elementor-element elementor-element-21ebac3 e-con-full e-flex e-con e-child\" data-id=\"21ebac3\" data-element_type=\"container\">\n\t\t\t\t<div class=\"elementor-element elementor-element-26dfdc8 elementor-widget elementor-widget-restarimage\" data-id=\"26dfdc8\" data-element_type=\"widget\" data-widget_type=\"restarimage.default\">\n\t\t\t\t<div class=\"elementor-widget-container\">\n\t\t\t<div class=\"img-box8\"><div class=\"shape1\"><img decoding=\"async\" src=\"https:\/\/www.bustan.ly\/wp-content\/uploads\/2024\/09\/mint444-1.png\" alt=\"mint444 1\"  class=\"gspin\"><\/div><div class=\"img1\"><img decoding=\"async\" src=\"https:\/\/www.bustan.ly\/wp-content\/uploads\/2024\/09\/vrai-th-Photoroom-1.png\" alt=\"vrai th Photoroom 1\" ><\/div><\/div>\t\t<\/div>\n\t\t\t\t<\/div>\n\t\t\t\t<\/div>\n\t\t\t\t<\/div>\n\t\t\t\t\t<\/div>\n\t\t\t\t<\/div>\n\t\t\t\t<\/div>\n\t\t<div class=\"elementor-element elementor-element-9535ddb e-con-full e-flex e-con e-parent\" data-id=\"9535ddb\" data-element_type=\"container\" data-settings=\"{&quot;background_background&quot;:&quot;classic&quot;}\">\n\t\t<div class=\"elementor-element elementor-element-c6a94a7 e-con-full e-flex e-con e-child\" data-id=\"c6a94a7\" data-element_type=\"container\">\n\t\t\t\t<div class=\"elementor-element elementor-element-97bad78 elementor-widget elementor-widget-restarcounterup\" data-id=\"97bad78\" data-element_type=\"widget\" data-widget_type=\"restarcounterup.default\">\n\t\t\t\t<div class=\"elementor-widget-container\">\n\t\t\t<div class=\"counter-card-wrap \"><div class=\"counter-card\"><div class=\"box-shadow\">300<\/div><h2 class=\"box-number num\"><span class=\"counter-number\">300<\/span><\/h2><p class=\"box-text desc\">Responsables \nCommercials<\/p><\/div><div class=\"counter-card\"><div class=\"box-shadow\">28<\/div><h2 class=\"box-number num\"><span class=\"counter-number\">28<\/span><\/h2><p class=\"box-text desc\">Partenaires<\/p><\/div><div class=\"counter-card\"><div class=\"box-shadow\">10<\/div><h2 class=\"box-number num\"><span class=\"counter-number\">10<\/span><\/h2><p class=\"box-text desc\">Marque D\u00e9pos\u00e9e<\/p><\/div><div class=\"counter-card\"><div class=\"box-shadow\">20<\/div><h2 class=\"box-number num\"><span class=\"counter-number\">20<\/span><\/h2><p class=\"box-text desc\">Produits<\/p><\/div><\/div>\t\t<\/div>\n\t\t\t\t<\/div>\n\t\t\t\t<\/div>\n\t\t\t\t<\/div>\n\t\t<div class=\"elementor-element elementor-element-fb55911 e-flex e-con-boxed e-con e-parent\" data-id=\"fb55911\" data-element_type=\"container\">\n\t\t\t\t\t<div class=\"e-con-inner\">\n\t\t<div class=\"elementor-element elementor-element-35f59a5 e-con-full e-flex e-con e-child\" data-id=\"35f59a5\" data-element_type=\"container\">\n\t\t\t\t<div class=\"elementor-element elementor-element-8c2fe28 elementor-widget elementor-widget-restarsectiontitle\" data-id=\"8c2fe28\" data-element_type=\"widget\" data-widget_type=\"restarsectiontitle.default\">\n\t\t\t\t<div class=\"elementor-widget-container\">\n\t\t\t\t\t<div class=\"title-area text-center \">\r\n\t\t\t<h2 class=\"sec-title  \">Engag\u00e9s Envers L'excellence<\/h2>\t\t<\/div>\r\n\r\n\t\t\t<\/div>\n\t\t\t\t<\/div>\n\t\t\t\t<div class=\"elementor-element elementor-element-c540b4f elementor-widget elementor-widget-restarservice\" data-id=\"c540b4f\" data-element_type=\"widget\" data-widget_type=\"restarservice.default\">\n\t\t\t\t<div class=\"elementor-widget-container\">\n\t\t\t<div class=\"row gy-4\"><div class=\"col-xl-3 col-md-6\"><div class=\"feature-box\"><div class=\"box-shape\"><img decoding=\"async\" src=\"https:\/\/www.bustan.ly\/wp-content\/uploads\/2024\/09\/flower_7.png\" alt=\"flower_7\" ><\/div><div class=\"box-icon\"><img decoding=\"async\" src=\"https:\/\/www.bustan.ly\/wp-content\/uploads\/2024\/09\/eeeee-1.svg\" alt=\"eeeee 1\" ><\/div><div class=\"media-body\"><h3 class=\"box-title text-ani\"><a href=\"https:\/\/wordpress.themeholy.com\/restar\/service-details\">Mission\n<\/a><\/h3><div class=\"text-ani\"><p class=\"box-text\">Offrir les meilleurs types de th\u00e9 qui allient saveur authentique et haute qualit\u00e9. Nous nous effor\u00e7ons toujours de r\u00e9pondre aux besoins de nos clients par l&#039;innovation et la durabilit\u00e9, en mettant l&#039;accent sur la fourniture d&#039;une exp\u00e9rience de th\u00e9 unique.<\/p><\/div><\/div><\/div><\/div><div class=\"col-xl-3 col-md-6\"><div class=\"feature-box\"><div class=\"box-shape\"><img decoding=\"async\" src=\"https:\/\/www.bustan.ly\/wp-content\/uploads\/2024\/09\/flower_7.png\" alt=\"flower_7\" ><\/div><div class=\"box-icon\"><img decoding=\"async\" src=\"https:\/\/www.bustan.ly\/wp-content\/uploads\/2024\/09\/aaaaaa-1.svg\" alt=\"aaaaaa 1\" ><\/div><div class=\"media-body\"><h3 class=\"box-title text-ani\"><a href=\"https:\/\/wordpress.themeholy.com\/restar\/service-details\">Vision<\/a><\/h3><div class=\"text-ani\"><p class=\"box-text\">Nous aspirons \u00e0 devenir la marque leader dans le monde du th\u00e9, tant au niveau national qu&#039;international. Notre vision est de promouvoir la culture du th\u00e9 raffin\u00e9 et exceptionnel, et de proposer des produits qui refl\u00e8tent la qualit\u00e9 et la diversit\u00e9 r\u00e9pondant \u00e0 tous les go\u00fbts.<\/p><\/div><\/div><\/div><\/div><div class=\"col-xl-3 col-md-6\"><div class=\"feature-box\"><div class=\"box-shape\"><img decoding=\"async\" src=\"https:\/\/www.bustan.ly\/wp-content\/uploads\/2024\/09\/flower_7.png\" alt=\"flower_7\" ><\/div><div class=\"box-icon\"><img decoding=\"async\" src=\"https:\/\/www.bustan.ly\/wp-content\/uploads\/2024\/09\/ffffff.svg\" alt=\"ffffff\" ><\/div><div class=\"media-body\"><h3 class=\"box-title text-ani\"><a href=\"https:\/\/wordpress.themeholy.com\/restar\/service-details\">Valeur<\/a><\/h3><div class=\"text-ani\"><p class=\"box-text\">La satisfaction de nos clients est notre priorit\u00e9 absolue, car nous nous engageons \u00e0 offrir des produits qui d\u00e9passent leurs attentes en termes de saveur et de puret\u00e9. Nous cherchons \u00e9galement constamment de nouvelles fa\u00e7ons d&#039;am\u00e9liorer nos produits et de fournir des exp\u00e9riences de th\u00e9 exceptionnelles.<\/p><\/div><\/div><\/div><\/div><div class=\"col-xl-3 col-md-6\"><div class=\"feature-box\"><div class=\"box-shape\"><img decoding=\"async\" src=\"https:\/\/www.bustan.ly\/wp-content\/uploads\/2024\/09\/flower_7.png\" alt=\"flower_7\" ><\/div><div class=\"box-icon\"><img decoding=\"async\" src=\"https:\/\/www.bustan.ly\/wp-content\/uploads\/2024\/09\/cccc.svg\" alt=\"cccc\" ><\/div><div class=\"media-body\"><h3 class=\"box-title text-ani\"><a href=\"https:\/\/wordpress.themeholy.com\/restar\/service-details\">Qualit\u00e9\n<\/a><\/h3><div class=\"text-ani\"><p class=\"box-text\">La qualit\u00e9 est la cl\u00e9 de notre succ\u00e8s, car nous s\u00e9lectionnons les meilleures feuilles de th\u00e9 provenant des fermes les plus distingu\u00e9es \u00e0 travers le monde, et nous les soumettons \u00e0 des processus de fabrication pr\u00e9cis pour garantir un produit final dot\u00e9 d&#039;une saveur unique.<\/p><\/div><\/div><\/div><\/div><\/div>\t\t<\/div>\n\t\t\t\t<\/div>\n\t\t\t\t<\/div>\n\t\t\t\t\t<\/div>\n\t\t\t\t<\/div>\n\t\t<div class=\"elementor-element elementor-element-e05e747 e-flex e-con-boxed e-con e-parent\" data-id=\"e05e747\" data-element_type=\"container\">\n\t\t\t\t\t<div class=\"e-con-inner\">\n\t\t\t\t<div class=\"elementor-element elementor-element-a1964eb elementor-widget elementor-widget-spacer\" data-id=\"a1964eb\" data-element_type=\"widget\" data-widget_type=\"spacer.default\">\n\t\t\t\t<div class=\"elementor-widget-container\">\n\t\t\t<style>\/*! elementor - v3.23.0 - 05-08-2024 *\/\n.elementor-column .elementor-spacer-inner{height:var(--spacer-size)}.e-con{--container-widget-width:100%}.e-con-inner>.elementor-widget-spacer,.e-con>.elementor-widget-spacer{width:var(--container-widget-width,var(--spacer-size));--align-self:var(--container-widget-align-self,initial);--flex-shrink:0}.e-con-inner>.elementor-widget-spacer>.elementor-widget-container,.e-con>.elementor-widget-spacer>.elementor-widget-container{height:100%;width:100%}.e-con-inner>.elementor-widget-spacer>.elementor-widget-container>.elementor-spacer,.e-con>.elementor-widget-spacer>.elementor-widget-container>.elementor-spacer{height:100%}.e-con-inner>.elementor-widget-spacer>.elementor-widget-container>.elementor-spacer>.elementor-spacer-inner,.e-con>.elementor-widget-spacer>.elementor-widget-container>.elementor-spacer>.elementor-spacer-inner{height:var(--container-widget-height,var(--spacer-size))}.e-con-inner>.elementor-widget-spacer.elementor-widget-empty,.e-con>.elementor-widget-spacer.elementor-widget-empty{position:relative;min-height:22px;min-width:22px}.e-con-inner>.elementor-widget-spacer.elementor-widget-empty .elementor-widget-empty-icon,.e-con>.elementor-widget-spacer.elementor-widget-empty .elementor-widget-empty-icon{position:absolute;top:0;bottom:0;left:0;right:0;margin:auto;padding:0;width:22px;height:22px}<\/style>\t\t<div class=\"elementor-spacer\">\n\t\t\t<div class=\"elementor-spacer-inner\"><\/div>\n\t\t<\/div>\n\t\t\t\t<\/div>\n\t\t\t\t<\/div>\n\t\t\t\t\t<\/div>\n\t\t\t\t<\/div>\n\t\t<div class=\"elementor-element elementor-element-ee04204 e-con-full e-flex e-con e-parent\" data-id=\"ee04204\" data-element_type=\"container\">\n\t\t<div class=\"elementor-element elementor-element-2e4d0d5 e-con-full e-flex e-con e-child\" data-id=\"2e4d0d5\" data-element_type=\"container\">\n\t\t\t\t<div class=\"elementor-element elementor-element-9de644b elementor-widget elementor-widget-html\" data-id=\"9de644b\" data-element_type=\"widget\" data-widget_type=\"html.default\">\n\t\t\t\t<div class=\"elementor-widget-container\">\n\t\t\t<iframe src=\"https:\/\/www.facebook.com\/plugins\/video.php?height=314&href=https%3A%2F%2Fwww.facebook.com%2F100076342335034%2Fvideos%2F469720895415000%2F&show_text=false&width=560&t=0\" width=\"560\" height=\"314\" style=\"border:none;overflow:hidden\" scrolling=\"no\" frameborder=\"0\" allowfullscreen=\"true\" allow=\"autoplay; clipboard-write; encrypted-media; picture-in-picture; web-share\" allowFullScreen=\"true\"><\/iframe>\t\t<\/div>\n\t\t\t\t<\/div>\n\t\t\t\t<\/div>\n\t\t<div class=\"elementor-element elementor-element-2c0f033 e-con-full e-flex e-con e-child\" data-id=\"2c0f033\" data-element_type=\"container\">\n\t\t\t\t<div class=\"elementor-element elementor-element-1e053b5 elementor-widget elementor-widget-html\" data-id=\"1e053b5\" data-element_type=\"widget\" data-widget_type=\"html.default\">\n\t\t\t\t<div class=\"elementor-widget-container\">\n\t\t\t<iframe src=\"https:\/\/www.facebook.com\/plugins\/video.php?height=314&href=https%3A%2F%2Fwww.facebook.com%2F100076342335034%2Fvideos%2F764949822253027%2F&show_text=false&width=560&t=0\" width=\"560\" height=\"314\" style=\"border:none;overflow:hidden\" scrolling=\"no\" frameborder=\"0\" allowfullscreen=\"true\" allow=\"autoplay; clipboard-write; encrypted-media; picture-in-picture; web-share\" allowFullScreen=\"true\"><\/iframe>\t\t<\/div>\n\t\t\t\t<\/div>\n\t\t\t\t<\/div>\n\t\t<div class=\"elementor-element elementor-element-f396698 e-con-full e-flex e-con e-child\" data-id=\"f396698\" data-element_type=\"container\">\n\t\t\t\t<div class=\"elementor-element elementor-element-313c4fb elementor-widget elementor-widget-html\" data-id=\"313c4fb\" data-element_type=\"widget\" data-widget_type=\"html.default\">\n\t\t\t\t<div class=\"elementor-widget-container\">\n\t\t\t<iframe src=\"https:\/\/www.facebook.com\/plugins\/video.php?height=314&href=https%3A%2F%2Fwww.facebook.com%2F100076342335034%2Fvideos%2F1448961375805128%2F&show_text=false&width=560&t=0\" width=\"560\" height=\"314\" style=\"border:none;overflow:hidden\" scrolling=\"no\" frameborder=\"0\" allowfullscreen=\"true\" allow=\"autoplay; clipboard-write; encrypted-media; picture-in-picture; web-share\" allowFullScreen=\"true\"><\/iframe>\t\t<\/div>\n\t\t\t\t<\/div>\n\t\t\t\t<\/div>\n\t\t\t\t<\/div>\n\t\t\t\t<\/div>\n\t\t","protected":false},"excerpt":{"rendered":"<p>Le Leader dans la L&#8217;importation et la Commercialisation des meilleurs types de th\u00e9. Albustan Al Ghethayi Co.\u00a0 Marque leader sp\u00e9cialis\u00e9e dans l&#8217;importation et la commercialisation des meilleurs types de th\u00e9. Fond\u00e9e dans le but d&#8217;offrir une exp\u00e9rience de th\u00e9 unique qui r\u00e9pond aux attentes des amateurs de th\u00e9 partout dans le monde, Nous sommes fiers&#8230;<\/p>\n","protected":false},"author":1,"featured_media":0,"parent":0,"menu_order":0,"comment_status":"closed","ping_status":"closed","template":"template-builder.php","meta":{"footnotes":""},"class_list":["post-52","page","type-page","status-publish","hentry"],"yoast_head":"<!-- This site is optimized with the Yoast SEO plugin v23.4 - https:\/\/yoast.com\/wordpress\/plugins\/seo\/ -->\n<title>Albustan Al Ghethayi Co | La premi\u00e8re marque de th\u00e9 en Libye<\/title>\n<meta name=\"description\" content=\"D\u00e9couvrez Albustan Al Ghethayi Co, la premi\u00e8re marque d&#039;importation de th\u00e9 et de produits alimentaires en Libye. Un engagement de qualit\u00e9 d\u00e8s le d\u00e9part.\" \/>\n<meta name=\"robots\" content=\"index, follow, max-snippet:-1, max-image-preview:large, max-video-preview:-1\" \/>\n<link rel=\"canonical\" href=\"https:\/\/www.bustan.ly\/fr\/\u0645\u0646-\u0646\u062d\u0646\/\" \/>\n<meta property=\"og:locale\" content=\"fr_FR\" \/>\n<meta property=\"og:type\" content=\"article\" \/>\n<meta property=\"og:title\" content=\"Albustan Al Ghethayi Co | La premi\u00e8re marque de th\u00e9 en Libye\" \/>\n<meta property=\"og:description\" content=\"D\u00e9couvrez Albustan Al Ghethayi Co, la premi\u00e8re marque d&#039;importation de th\u00e9 et de produits alimentaires en Libye. Un engagement de qualit\u00e9 d\u00e8s le d\u00e9part.\" \/>\n<meta property=\"og:url\" content=\"https:\/\/www.bustan.ly\/\u0645\u0646-\u0646\u062d\u0646\/\" \/>\n<meta property=\"og:site_name\" content=\"BUSTAN Co.\" \/>\n<meta property=\"article:modified_time\" content=\"2024-09-17T10:45:33+00:00\" \/>\n<meta property=\"og:image\" content=\"https:\/\/www.bustan.ly\/wp-content\/uploads\/2024\/09\/image0202.png\" \/>\n<meta name=\"twitter:card\" content=\"summary_large_image\" \/>\n<meta name=\"twitter:label1\" content=\"Dur\u00e9e de lecture estim\u00e9e\" \/>\n\t<meta name=\"twitter:data1\" content=\"5 minutes\" \/>\n<script type=\"application\/ld+json\" class=\"yoast-schema-graph\">{\"@context\":\"https:\/\/schema.org\",\"@graph\":[{\"@type\":\"WebPage\",\"@id\":\"https:\/\/www.bustan.ly\/%d9%85%d9%86-%d9%86%d8%ad%d9%86\/\",\"url\":\"https:\/\/www.bustan.ly\/%d9%85%d9%86-%d9%86%d8%ad%d9%86\/\",\"name\":\"Albustan Al Ghethayi Co | La premi\u00e8re marque de th\u00e9 en Libye\",\"isPartOf\":{\"@id\":\"https:\/\/www.bustan.ly\/#website\"},\"primaryImageOfPage\":{\"@id\":\"https:\/\/www.bustan.ly\/%d9%85%d9%86-%d9%86%d8%ad%d9%86\/#primaryimage\"},\"image\":{\"@id\":\"https:\/\/www.bustan.ly\/%d9%85%d9%86-%d9%86%d8%ad%d9%86\/#primaryimage\"},\"thumbnailUrl\":\"https:\/\/www.bustan.ly\/wp-content\/uploads\/2024\/09\/image0202.png\",\"datePublished\":\"2024-04-28T04:50:35+00:00\",\"dateModified\":\"2024-09-17T10:45:33+00:00\",\"description\":\"D\u00e9couvrez Albustan Al Ghethayi Co, la premi\u00e8re marque d'importation de th\u00e9 et de produits alimentaires en Libye. Un engagement de qualit\u00e9 d\u00e8s le d\u00e9part.\",\"breadcrumb\":{\"@id\":\"https:\/\/www.bustan.ly\/%d9%85%d9%86-%d9%86%d8%ad%d9%86\/#breadcrumb\"},\"inLanguage\":\"fr-FR\",\"potentialAction\":[{\"@type\":\"ReadAction\",\"target\":[\"https:\/\/www.bustan.ly\/%d9%85%d9%86-%d9%86%d8%ad%d9%86\/\"]}]},{\"@type\":\"ImageObject\",\"inLanguage\":\"fr-FR\",\"@id\":\"https:\/\/www.bustan.ly\/%d9%85%d9%86-%d9%86%d8%ad%d9%86\/#primaryimage\",\"url\":\"https:\/\/www.bustan.ly\/wp-content\/uploads\/2024\/09\/image0202.png\",\"contentUrl\":\"https:\/\/www.bustan.ly\/wp-content\/uploads\/2024\/09\/image0202.png\"},{\"@type\":\"BreadcrumbList\",\"@id\":\"https:\/\/www.bustan.ly\/%d9%85%d9%86-%d9%86%d8%ad%d9%86\/#breadcrumb\",\"itemListElement\":[{\"@type\":\"ListItem\",\"position\":1,\"name\":\"Accueil\",\"item\":\"https:\/\/www.bustan.ly\/\"},{\"@type\":\"ListItem\",\"position\":2,\"name\":\"Pr\u00e9sentation\"}]},{\"@type\":\"WebSite\",\"@id\":\"https:\/\/www.bustan.ly\/#website\",\"url\":\"https:\/\/www.bustan.ly\/\",\"name\":\"BUSTAN Co.\",\"description\":\"\u0645\u0630\u0627\u0642 \u0639\u0627\u0644\u064a \u0639\u0644\u0649 \u0645\u0631 \u0627\u0644\u0639\u0635\u0648\u0631\",\"potentialAction\":[{\"@type\":\"SearchAction\",\"target\":{\"@type\":\"EntryPoint\",\"urlTemplate\":\"https:\/\/www.bustan.ly\/?s={search_term_string}\"},\"query-input\":{\"@type\":\"PropertyValueSpecification\",\"valueRequired\":true,\"valueName\":\"search_term_string\"}}],\"inLanguage\":\"fr-FR\"}]}<\/script>\n<!-- \/ Yoast SEO plugin. -->","yoast_head_json":{"title":"Albustan Al Ghethayi Co | La premi\u00e8re marque de th\u00e9 en Libye","description":"D\u00e9couvrez Albustan Al Ghethayi Co, la premi\u00e8re marque d'importation de th\u00e9 et de produits alimentaires en Libye. Un engagement de qualit\u00e9 d\u00e8s le d\u00e9part.","robots":{"index":"index","follow":"follow","max-snippet":"max-snippet:-1","max-image-preview":"max-image-preview:large","max-video-preview":"max-video-preview:-1"},"canonical":"https:\/\/www.bustan.ly\/fr\/\u0645\u0646-\u0646\u062d\u0646\/","og_locale":"fr_FR","og_type":"article","og_title":"Albustan Al Ghethayi Co | La premi\u00e8re marque de th\u00e9 en Libye","og_description":"D\u00e9couvrez Albustan Al Ghethayi Co, la premi\u00e8re marque d'importation de th\u00e9 et de produits alimentaires en Libye. Un engagement de qualit\u00e9 d\u00e8s le d\u00e9part.","og_url":"https:\/\/www.bustan.ly\/\u0645\u0646-\u0646\u062d\u0646\/","og_site_name":"BUSTAN Co.","article_modified_time":"2024-09-17T10:45:33+00:00","og_image":[{"url":"https:\/\/www.bustan.ly\/wp-content\/uploads\/2024\/09\/image0202.png"}],"twitter_card":"summary_large_image","twitter_misc":{"Dur\u00e9e de lecture estim\u00e9e":"5 minutes"},"schema":{"@context":"https:\/\/schema.org","@graph":[{"@type":"WebPage","@id":"https:\/\/www.bustan.ly\/%d9%85%d9%86-%d9%86%d8%ad%d9%86\/","url":"https:\/\/www.bustan.ly\/%d9%85%d9%86-%d9%86%d8%ad%d9%86\/","name":"Albustan Al Ghethayi Co | La premi\u00e8re marque de th\u00e9 en Libye","isPartOf":{"@id":"https:\/\/www.bustan.ly\/#website"},"primaryImageOfPage":{"@id":"https:\/\/www.bustan.ly\/%d9%85%d9%86-%d9%86%d8%ad%d9%86\/#primaryimage"},"image":{"@id":"https:\/\/www.bustan.ly\/%d9%85%d9%86-%d9%86%d8%ad%d9%86\/#primaryimage"},"thumbnailUrl":"https:\/\/www.bustan.ly\/wp-content\/uploads\/2024\/09\/image0202.png","datePublished":"2024-04-28T04:50:35+00:00","dateModified":"2024-09-17T10:45:33+00:00","description":"D\u00e9couvrez Albustan Al Ghethayi Co, la premi\u00e8re marque d'importation de th\u00e9 et de produits alimentaires en Libye. Un engagement de qualit\u00e9 d\u00e8s le d\u00e9part.","breadcrumb":{"@id":"https:\/\/www.bustan.ly\/%d9%85%d9%86-%d9%86%d8%ad%d9%86\/#breadcrumb"},"inLanguage":"fr-FR","potentialAction":[{"@type":"ReadAction","target":["https:\/\/www.bustan.ly\/%d9%85%d9%86-%d9%86%d8%ad%d9%86\/"]}]},{"@type":"ImageObject","inLanguage":"fr-FR","@id":"https:\/\/www.bustan.ly\/%d9%85%d9%86-%d9%86%d8%ad%d9%86\/#primaryimage","url":"https:\/\/www.bustan.ly\/wp-content\/uploads\/2024\/09\/image0202.png","contentUrl":"https:\/\/www.bustan.ly\/wp-content\/uploads\/2024\/09\/image0202.png"},{"@type":"BreadcrumbList","@id":"https:\/\/www.bustan.ly\/%d9%85%d9%86-%d9%86%d8%ad%d9%86\/#breadcrumb","itemListElement":[{"@type":"ListItem","position":1,"name":"Accueil","item":"https:\/\/www.bustan.ly\/"},{"@type":"ListItem","position":2,"name":"Pr\u00e9sentation"}]},{"@type":"WebSite","@id":"https:\/\/www.bustan.ly\/#website","url":"https:\/\/www.bustan.ly\/","name":"BUSTAN Co.","description":"\u0645\u0630\u0627\u0642 \u0639\u0627\u0644\u064a \u0639\u0644\u0649 \u0645\u0631 \u0627\u0644\u0639\u0635\u0648\u0631","potentialAction":[{"@type":"SearchAction","target":{"@type":"EntryPoint","urlTemplate":"https:\/\/www.bustan.ly\/?s={search_term_string}"},"query-input":{"@type":"PropertyValueSpecification","valueRequired":true,"valueName":"search_term_string"}}],"inLanguage":"fr-FR"}]}},"_links":{"self":[{"href":"https:\/\/www.bustan.ly\/fr\/wp-json\/wp\/v2\/pages\/52","targetHints":{"allow":["GET"]}}],"collection":[{"href":"https:\/\/www.bustan.ly\/fr\/wp-json\/wp\/v2\/pages"}],"about":[{"href":"https:\/\/www.bustan.ly\/fr\/wp-json\/wp\/v2\/types\/page"}],"author":[{"embeddable":true,"href":"https:\/\/www.bustan.ly\/fr\/wp-json\/wp\/v2\/users\/1"}],"replies":[{"embeddable":true,"href":"https:\/\/www.bustan.ly\/fr\/wp-json\/wp\/v2\/comments?post=52"}],"version-history":[{"count":28,"href":"https:\/\/www.bustan.ly\/fr\/wp-json\/wp\/v2\/pages\/52\/revisions"}],"predecessor-version":[{"id":3827,"href":"https:\/\/www.bustan.ly\/fr\/wp-json\/wp\/v2\/pages\/52\/revisions\/3827"}],"wp:attachment":[{"href":"https:\/\/www.bustan.ly\/fr\/wp-json\/wp\/v2\/media?parent=52"}],"curies":[{"name":"wp","href":"https:\/\/api.w.org\/{rel}","templated":true}]}}