{"id":3574,"date":"2024-09-04T10:32:26","date_gmt":"2024-09-04T08:32:26","guid":{"rendered":"https:\/\/www.bustan.ly\/?page_id=3574"},"modified":"2024-09-17T12:48:18","modified_gmt":"2024-09-17T10:48:18","slug":"nos-produits","status":"publish","type":"page","link":"https:\/\/www.bustan.ly\/fr\/nos-produits\/","title":{"rendered":"Nos produits"},"content":{"rendered":"\t\t<div data-elementor-type=\"wp-page\" data-elementor-id=\"3574\" class=\"elementor elementor-3574\">\n\t\t\t\t<div class=\"elementor-element elementor-element-2569348 e-flex e-con-boxed e-con e-parent\" data-id=\"2569348\" data-element_type=\"container\">\n\t\t\t\t\t<div class=\"e-con-inner\">\n\t\t\r\n\t\t<div class=\"elementor-element elementor-element-fdb85ca elementor-widget elementor-widget-restareproduct\" data-id=\"fdb85ca\" data-element_type=\"widget\" data-widget_type=\"restareproduct.default\">\n\t\t\t\t<div class=\"elementor-widget-container\">\n\t\t\t<div class=\"text-ani\"><div class=\"tab-menu1 filter-menu-active\"><\/div><\/div><div class=\"row gy-30 filter-active\">\r\n                    <div class=\"filter-item col-xl-3 col-lg-4 col-sm-6 \">\r\n                        <div class=\"menu-card\"><div class=\"box-shape\"><\/div><h3 class=\"box-title el-title\"><a href=\"https:\/\/www.bustan.ly\/fr\/produit\/the-ajwad\/\">Th\u00e9 Ajwad<\/a><\/h3><div class=\"box-img\"><img fetchpriority=\"high\" decoding=\"async\" width=\"800\" height=\"800\" src=\"https:\/\/www.bustan.ly\/wp-content\/uploads\/2024\/09\/ajwad.jpg\" class=\"attachment-post-thumbnail size-post-thumbnail wp-post-image\" alt=\"\" srcset=\"https:\/\/www.bustan.ly\/wp-content\/uploads\/2024\/09\/ajwad.jpg 800w, https:\/\/www.bustan.ly\/wp-content\/uploads\/2024\/09\/ajwad-300x300.jpg 300w, https:\/\/www.bustan.ly\/wp-content\/uploads\/2024\/09\/ajwad-150x150.jpg 150w, https:\/\/www.bustan.ly\/wp-content\/uploads\/2024\/09\/ajwad-768x768.jpg 768w, https:\/\/www.bustan.ly\/wp-content\/uploads\/2024\/09\/ajwad-85x85.jpg 85w, https:\/\/www.bustan.ly\/wp-content\/uploads\/2024\/09\/ajwad-580x580.jpg 580w, https:\/\/www.bustan.ly\/wp-content\/uploads\/2024\/09\/ajwad-100x100.jpg 100w, https:\/\/www.bustan.ly\/wp-content\/uploads\/2024\/09\/ajwad-312x312.jpg 312w, https:\/\/www.bustan.ly\/wp-content\/uploads\/2024\/09\/ajwad-600x600.jpg 600w\" sizes=\"(max-width: 800px) 100vw, 800px\" \/><\/div><h4 class=\"box-price el-price\"><span class=\"woocommerce-Price-amount amount\"><bdi><span class=\"woocommerce-Price-currencySymbol\">&#x62f;.&#x644;<\/span>1.00<\/bdi><\/span><\/h4><\/div><\/div>\r\n                    <div class=\"filter-item col-xl-3 col-lg-4 col-sm-6 \">\r\n                        <div class=\"menu-card\"><div class=\"box-shape\"><\/div><h3 class=\"box-title el-title\"><a href=\"https:\/\/www.bustan.ly\/fr\/produit\/the-ajwad-gout-jasmine\/\">Th\u00e9 Ajwad Go\u00fbt Jasmine<\/a><\/h3><div class=\"box-img\"><img decoding=\"async\" width=\"800\" height=\"800\" src=\"https:\/\/www.bustan.ly\/wp-content\/uploads\/2024\/08\/ajwad-jassmin.jpg\" class=\"attachment-post-thumbnail size-post-thumbnail wp-post-image\" alt=\"\" srcset=\"https:\/\/www.bustan.ly\/wp-content\/uploads\/2024\/08\/ajwad-jassmin.jpg 800w, https:\/\/www.bustan.ly\/wp-content\/uploads\/2024\/08\/ajwad-jassmin-300x300.jpg 300w, https:\/\/www.bustan.ly\/wp-content\/uploads\/2024\/08\/ajwad-jassmin-150x150.jpg 150w, https:\/\/www.bustan.ly\/wp-content\/uploads\/2024\/08\/ajwad-jassmin-768x768.jpg 768w, https:\/\/www.bustan.ly\/wp-content\/uploads\/2024\/08\/ajwad-jassmin-85x85.jpg 85w, https:\/\/www.bustan.ly\/wp-content\/uploads\/2024\/08\/ajwad-jassmin-580x580.jpg 580w, https:\/\/www.bustan.ly\/wp-content\/uploads\/2024\/08\/ajwad-jassmin-100x100.jpg 100w, https:\/\/www.bustan.ly\/wp-content\/uploads\/2024\/08\/ajwad-jassmin-312x312.jpg 312w, https:\/\/www.bustan.ly\/wp-content\/uploads\/2024\/08\/ajwad-jassmin-600x600.jpg 600w\" sizes=\"(max-width: 800px) 100vw, 800px\" \/><\/div><h4 class=\"box-price el-price\"><span class=\"woocommerce-Price-amount amount\"><bdi><span class=\"woocommerce-Price-currencySymbol\">&#x62f;.&#x644;<\/span>1.00<\/bdi><\/span><\/h4><\/div><\/div>\r\n                    <div class=\"filter-item col-xl-3 col-lg-4 col-sm-6 \">\r\n                        <div class=\"menu-card\"><div class=\"box-shape\"><\/div><h3 class=\"box-title el-title\"><a href=\"https:\/\/www.bustan.ly\/fr\/produit\/the-azwagh\/\">Th\u00e9 Azwagh<\/a><\/h3><div class=\"box-img\"><img decoding=\"async\" width=\"800\" height=\"800\" src=\"https:\/\/www.bustan.ly\/wp-content\/uploads\/2024\/08\/azwag.jpg\" class=\"attachment-post-thumbnail size-post-thumbnail wp-post-image\" alt=\"\" srcset=\"https:\/\/www.bustan.ly\/wp-content\/uploads\/2024\/08\/azwag.jpg 800w, https:\/\/www.bustan.ly\/wp-content\/uploads\/2024\/08\/azwag-300x300.jpg 300w, https:\/\/www.bustan.ly\/wp-content\/uploads\/2024\/08\/azwag-150x150.jpg 150w, https:\/\/www.bustan.ly\/wp-content\/uploads\/2024\/08\/azwag-768x768.jpg 768w, https:\/\/www.bustan.ly\/wp-content\/uploads\/2024\/08\/azwag-85x85.jpg 85w, https:\/\/www.bustan.ly\/wp-content\/uploads\/2024\/08\/azwag-580x580.jpg 580w, https:\/\/www.bustan.ly\/wp-content\/uploads\/2024\/08\/azwag-100x100.jpg 100w, https:\/\/www.bustan.ly\/wp-content\/uploads\/2024\/08\/azwag-312x312.jpg 312w, https:\/\/www.bustan.ly\/wp-content\/uploads\/2024\/08\/azwag-600x600.jpg 600w\" sizes=\"(max-width: 800px) 100vw, 800px\" \/><\/div><h4 class=\"box-price el-price\"><span class=\"woocommerce-Price-amount amount\"><bdi><span class=\"woocommerce-Price-currencySymbol\">&#x62f;.&#x644;<\/span>1.00<\/bdi><\/span><\/h4><\/div><\/div>\r\n                    <div class=\"filter-item col-xl-3 col-lg-4 col-sm-6 \">\r\n                        <div class=\"menu-card\"><div class=\"box-shape\"><\/div><h3 class=\"box-title el-title\"><a href=\"https:\/\/www.bustan.ly\/fr\/produit\/the-el-horoug\/\">Th\u00e9 El Horoug<\/a><\/h3><div class=\"box-img\"><img loading=\"lazy\" decoding=\"async\" width=\"800\" height=\"800\" src=\"https:\/\/www.bustan.ly\/wp-content\/uploads\/2024\/08\/hrouj.jpg\" class=\"attachment-post-thumbnail size-post-thumbnail wp-post-image\" alt=\"\" srcset=\"https:\/\/www.bustan.ly\/wp-content\/uploads\/2024\/08\/hrouj.jpg 800w, https:\/\/www.bustan.ly\/wp-content\/uploads\/2024\/08\/hrouj-300x300.jpg 300w, https:\/\/www.bustan.ly\/wp-content\/uploads\/2024\/08\/hrouj-150x150.jpg 150w, https:\/\/www.bustan.ly\/wp-content\/uploads\/2024\/08\/hrouj-768x768.jpg 768w, https:\/\/www.bustan.ly\/wp-content\/uploads\/2024\/08\/hrouj-85x85.jpg 85w, https:\/\/www.bustan.ly\/wp-content\/uploads\/2024\/08\/hrouj-580x580.jpg 580w, https:\/\/www.bustan.ly\/wp-content\/uploads\/2024\/08\/hrouj-100x100.jpg 100w, https:\/\/www.bustan.ly\/wp-content\/uploads\/2024\/08\/hrouj-312x312.jpg 312w, https:\/\/www.bustan.ly\/wp-content\/uploads\/2024\/08\/hrouj-600x600.jpg 600w\" sizes=\"(max-width: 800px) 100vw, 800px\" \/><\/div><h4 class=\"box-price el-price\"><span class=\"woocommerce-Price-amount amount\"><bdi><span class=\"woocommerce-Price-currencySymbol\">&#x62f;.&#x644;<\/span>1.00<\/bdi><\/span><\/h4><\/div><\/div>\r\n                    <div class=\"filter-item col-xl-3 col-lg-4 col-sm-6 \">\r\n                        <div class=\"menu-card\"><div class=\"box-shape\"><\/div><h3 class=\"box-title el-title\"><a href=\"https:\/\/www.bustan.ly\/fr\/produit\/the-kidal\/\">Th\u00e9 Kidal<\/a><\/h3><div class=\"box-img\"><img loading=\"lazy\" decoding=\"async\" width=\"800\" height=\"800\" src=\"https:\/\/www.bustan.ly\/wp-content\/uploads\/2024\/08\/p-_0021_kidal.jpg\" class=\"attachment-post-thumbnail size-post-thumbnail wp-post-image\" alt=\"\" srcset=\"https:\/\/www.bustan.ly\/wp-content\/uploads\/2024\/08\/p-_0021_kidal.jpg 800w, https:\/\/www.bustan.ly\/wp-content\/uploads\/2024\/08\/p-_0021_kidal-300x300.jpg 300w, https:\/\/www.bustan.ly\/wp-content\/uploads\/2024\/08\/p-_0021_kidal-150x150.jpg 150w, https:\/\/www.bustan.ly\/wp-content\/uploads\/2024\/08\/p-_0021_kidal-768x768.jpg 768w, https:\/\/www.bustan.ly\/wp-content\/uploads\/2024\/08\/p-_0021_kidal-85x85.jpg 85w, https:\/\/www.bustan.ly\/wp-content\/uploads\/2024\/08\/p-_0021_kidal-580x580.jpg 580w, https:\/\/www.bustan.ly\/wp-content\/uploads\/2024\/08\/p-_0021_kidal-100x100.jpg 100w, https:\/\/www.bustan.ly\/wp-content\/uploads\/2024\/08\/p-_0021_kidal-312x312.jpg 312w, https:\/\/www.bustan.ly\/wp-content\/uploads\/2024\/08\/p-_0021_kidal-600x600.jpg 600w\" sizes=\"(max-width: 800px) 100vw, 800px\" \/><\/div><\/div><\/div>\r\n                    <div class=\"filter-item col-xl-3 col-lg-4 col-sm-6 \">\r\n                        <div class=\"menu-card\"><div class=\"box-shape\"><\/div><h3 class=\"box-title el-title\"><a href=\"https:\/\/www.bustan.ly\/fr\/produit\/the-kidal-au-gout-de-jasmine\/\">Th\u00e9 Kidal au Go\u00fbt de Jasmine<\/a><\/h3><div class=\"box-img\"><img loading=\"lazy\" decoding=\"async\" width=\"800\" height=\"800\" src=\"https:\/\/www.bustan.ly\/wp-content\/uploads\/2024\/08\/kidal.jpg\" class=\"attachment-post-thumbnail size-post-thumbnail wp-post-image\" alt=\"\" srcset=\"https:\/\/www.bustan.ly\/wp-content\/uploads\/2024\/08\/kidal.jpg 800w, https:\/\/www.bustan.ly\/wp-content\/uploads\/2024\/08\/kidal-300x300.jpg 300w, https:\/\/www.bustan.ly\/wp-content\/uploads\/2024\/08\/kidal-150x150.jpg 150w, https:\/\/www.bustan.ly\/wp-content\/uploads\/2024\/08\/kidal-768x768.jpg 768w, https:\/\/www.bustan.ly\/wp-content\/uploads\/2024\/08\/kidal-85x85.jpg 85w, https:\/\/www.bustan.ly\/wp-content\/uploads\/2024\/08\/kidal-580x580.jpg 580w, https:\/\/www.bustan.ly\/wp-content\/uploads\/2024\/08\/kidal-100x100.jpg 100w, https:\/\/www.bustan.ly\/wp-content\/uploads\/2024\/08\/kidal-312x312.jpg 312w, https:\/\/www.bustan.ly\/wp-content\/uploads\/2024\/08\/kidal-600x600.jpg 600w\" sizes=\"(max-width: 800px) 100vw, 800px\" \/><\/div><h4 class=\"box-price el-price\"><span class=\"woocommerce-Price-amount amount\"><bdi><span class=\"woocommerce-Price-currencySymbol\">&#x62f;.&#x644;<\/span>1.00<\/bdi><\/span><\/h4><\/div><\/div>\r\n                    <div class=\"filter-item col-xl-3 col-lg-4 col-sm-6 \">\r\n                        <div class=\"menu-card\"><div class=\"box-shape\"><\/div><h3 class=\"box-title el-title\"><a href=\"https:\/\/www.bustan.ly\/fr\/produit\/the-tadrart\/\">th\u00e9 Tadrart<\/a><\/h3><div class=\"box-img\"><img loading=\"lazy\" decoding=\"async\" width=\"800\" height=\"800\" src=\"https:\/\/www.bustan.ly\/wp-content\/uploads\/2024\/08\/tadarat.jpg\" class=\"attachment-post-thumbnail size-post-thumbnail wp-post-image\" alt=\"\" srcset=\"https:\/\/www.bustan.ly\/wp-content\/uploads\/2024\/08\/tadarat.jpg 800w, https:\/\/www.bustan.ly\/wp-content\/uploads\/2024\/08\/tadarat-300x300.jpg 300w, https:\/\/www.bustan.ly\/wp-content\/uploads\/2024\/08\/tadarat-150x150.jpg 150w, https:\/\/www.bustan.ly\/wp-content\/uploads\/2024\/08\/tadarat-768x768.jpg 768w, https:\/\/www.bustan.ly\/wp-content\/uploads\/2024\/08\/tadarat-85x85.jpg 85w, https:\/\/www.bustan.ly\/wp-content\/uploads\/2024\/08\/tadarat-580x580.jpg 580w, https:\/\/www.bustan.ly\/wp-content\/uploads\/2024\/08\/tadarat-100x100.jpg 100w, https:\/\/www.bustan.ly\/wp-content\/uploads\/2024\/08\/tadarat-312x312.jpg 312w, https:\/\/www.bustan.ly\/wp-content\/uploads\/2024\/08\/tadarat-600x600.jpg 600w\" sizes=\"(max-width: 800px) 100vw, 800px\" \/><\/div><h4 class=\"box-price el-price\"><span class=\"woocommerce-Price-amount amount\"><bdi><span class=\"woocommerce-Price-currencySymbol\">&#x62f;.&#x644;<\/span>1.00<\/bdi><\/span><\/h4><\/div><\/div>\r\n                    <div class=\"filter-item col-xl-3 col-lg-4 col-sm-6 the-vert the-vert the-vert the-vert the-vert the-vert the-vert the-vert the-vert the-vert \">\r\n                        <div class=\"menu-card\"><div class=\"box-shape\"><\/div><h3 class=\"box-title el-title\"><a href=\"https:\/\/www.bustan.ly\/fr\/produit\/the-tafilet\/\">Th\u00e9 Tafilet<\/a><\/h3><div class=\"box-img\"><img loading=\"lazy\" decoding=\"async\" width=\"800\" height=\"800\" src=\"https:\/\/www.bustan.ly\/wp-content\/uploads\/2024\/08\/tafilett.jpg\" class=\"attachment-post-thumbnail size-post-thumbnail wp-post-image\" alt=\"\" srcset=\"https:\/\/www.bustan.ly\/wp-content\/uploads\/2024\/08\/tafilett.jpg 800w, https:\/\/www.bustan.ly\/wp-content\/uploads\/2024\/08\/tafilett-300x300.jpg 300w, https:\/\/www.bustan.ly\/wp-content\/uploads\/2024\/08\/tafilett-150x150.jpg 150w, https:\/\/www.bustan.ly\/wp-content\/uploads\/2024\/08\/tafilett-768x768.jpg 768w, https:\/\/www.bustan.ly\/wp-content\/uploads\/2024\/08\/tafilett-85x85.jpg 85w, https:\/\/www.bustan.ly\/wp-content\/uploads\/2024\/08\/tafilett-580x580.jpg 580w, https:\/\/www.bustan.ly\/wp-content\/uploads\/2024\/08\/tafilett-100x100.jpg 100w, https:\/\/www.bustan.ly\/wp-content\/uploads\/2024\/08\/tafilett-312x312.jpg 312w, https:\/\/www.bustan.ly\/wp-content\/uploads\/2024\/08\/tafilett-600x600.jpg 600w\" sizes=\"(max-width: 800px) 100vw, 800px\" \/><\/div><h4 class=\"box-price el-price\"><span class=\"woocommerce-Price-amount amount\"><bdi><span class=\"woocommerce-Price-currencySymbol\">&#x62f;.&#x644;<\/span>1.00<\/bdi><\/span><\/h4><\/div><\/div>\r\n                    <div class=\"filter-item col-xl-3 col-lg-4 col-sm-6 \">\r\n                        <div class=\"menu-card\"><div class=\"box-shape\"><\/div><h3 class=\"box-title el-title\"><a href=\"https:\/\/www.bustan.ly\/fr\/produit\/the-terakaft\/\">Th\u00e9 Terakaft<\/a><\/h3><div class=\"box-img\"><img loading=\"lazy\" decoding=\"async\" width=\"1200\" height=\"1200\" src=\"https:\/\/www.bustan.ly\/wp-content\/uploads\/2024\/09\/369706357_322758873612188_7060684554467438501_n-3.jpg\" class=\"attachment-post-thumbnail size-post-thumbnail wp-post-image\" alt=\"\" srcset=\"https:\/\/www.bustan.ly\/wp-content\/uploads\/2024\/09\/369706357_322758873612188_7060684554467438501_n-3.jpg 1200w, https:\/\/www.bustan.ly\/wp-content\/uploads\/2024\/09\/369706357_322758873612188_7060684554467438501_n-3-300x300.jpg 300w, https:\/\/www.bustan.ly\/wp-content\/uploads\/2024\/09\/369706357_322758873612188_7060684554467438501_n-3-1024x1024.jpg 1024w, https:\/\/www.bustan.ly\/wp-content\/uploads\/2024\/09\/369706357_322758873612188_7060684554467438501_n-3-150x150.jpg 150w, https:\/\/www.bustan.ly\/wp-content\/uploads\/2024\/09\/369706357_322758873612188_7060684554467438501_n-3-768x768.jpg 768w, https:\/\/www.bustan.ly\/wp-content\/uploads\/2024\/09\/369706357_322758873612188_7060684554467438501_n-3-85x85.jpg 85w, https:\/\/www.bustan.ly\/wp-content\/uploads\/2024\/09\/369706357_322758873612188_7060684554467438501_n-3-580x580.jpg 580w, https:\/\/www.bustan.ly\/wp-content\/uploads\/2024\/09\/369706357_322758873612188_7060684554467438501_n-3-100x100.jpg 100w, https:\/\/www.bustan.ly\/wp-content\/uploads\/2024\/09\/369706357_322758873612188_7060684554467438501_n-3-312x312.jpg 312w, https:\/\/www.bustan.ly\/wp-content\/uploads\/2024\/09\/369706357_322758873612188_7060684554467438501_n-3-600x600.jpg 600w\" sizes=\"(max-width: 1200px) 100vw, 1200px\" \/><\/div><\/div><\/div>\r\n                    <div class=\"filter-item col-xl-3 col-lg-4 col-sm-6 \">\r\n                        <div class=\"menu-card\"><div class=\"box-shape\"><\/div><h3 class=\"box-title el-title\"><a href=\"https:\/\/www.bustan.ly\/fr\/produit\/the-tinariwen\/\">Th\u00e9 Tinariwen<\/a><\/h3><div class=\"box-img\"><img loading=\"lazy\" decoding=\"async\" width=\"1600\" height=\"1600\" src=\"https:\/\/www.bustan.ly\/wp-content\/uploads\/2024\/08\/tinarwine.jpeg\" class=\"attachment-post-thumbnail size-post-thumbnail wp-post-image\" alt=\"\" srcset=\"https:\/\/www.bustan.ly\/wp-content\/uploads\/2024\/08\/tinarwine.jpeg 1600w, https:\/\/www.bustan.ly\/wp-content\/uploads\/2024\/08\/tinarwine-300x300.jpeg 300w, https:\/\/www.bustan.ly\/wp-content\/uploads\/2024\/08\/tinarwine-1024x1024.jpeg 1024w, https:\/\/www.bustan.ly\/wp-content\/uploads\/2024\/08\/tinarwine-150x150.jpeg 150w, https:\/\/www.bustan.ly\/wp-content\/uploads\/2024\/08\/tinarwine-768x768.jpeg 768w, https:\/\/www.bustan.ly\/wp-content\/uploads\/2024\/08\/tinarwine-85x85.jpeg 85w, https:\/\/www.bustan.ly\/wp-content\/uploads\/2024\/08\/tinarwine-1536x1536.jpeg 1536w, https:\/\/www.bustan.ly\/wp-content\/uploads\/2024\/08\/tinarwine-580x580.jpeg 580w, https:\/\/www.bustan.ly\/wp-content\/uploads\/2024\/08\/tinarwine-100x100.jpeg 100w, https:\/\/www.bustan.ly\/wp-content\/uploads\/2024\/08\/tinarwine-312x312.jpeg 312w, https:\/\/www.bustan.ly\/wp-content\/uploads\/2024\/08\/tinarwine-600x600.jpeg 600w\" sizes=\"(max-width: 1600px) 100vw, 1600px\" \/><\/div><h4 class=\"box-price el-price\"><span class=\"woocommerce-Price-amount amount\"><bdi><span class=\"woocommerce-Price-currencySymbol\">&#x62f;.&#x644;<\/span>1.00<\/bdi><\/span><\/h4><\/div><\/div><\/div>\t\t<\/div>\n\t\t\t\t<\/div>\n\t\t\t\t\t<\/div>\n\t\t\t\t<\/div>\n\t\t\t\t<\/div>\n\t\t","protected":false},"excerpt":{"rendered":"<p>\u0634\u0627\u064a \u0623\u062c\u0648\u0627\u062f \u0628\u0637\u0639\u0645 \u0627\u0644\u064a\u0627\u0633\u0645\u064a\u0646 \u0634\u0627\u064a \u0623\u0632\u0648\u0627\u063a \u0634\u0627\u064a \u0627\u062c\u0648\u062f \u0634\u0627\u064a \u0627\u0644\u0647\u0631\u0648\u062c \u0634\u0627\u064a \u062a\u0627\u062f\u0631\u0627\u0631\u062a \u0634\u0627\u064a \u062a\u0627\u0641\u064a\u0644\u0627\u0644\u062a \u0634\u0627\u064a \u062a\u064a\u0631\u0643\u0641\u062a \u0634\u0627\u064a \u062a\u064a\u0646\u0627\u0631\u0648\u064a\u0646 \u0634\u0627\u064a \u0643\u064a\u062f\u0627\u0644 \u0634\u0627\u064a \u0643\u064a\u062f\u0627\u0644 \u0628\u0637\u0639\u0645 \u0627\u0644\u064a\u0627\u0633\u0645\u064a\u0646<\/p>\n","protected":false},"author":2,"featured_media":0,"parent":0,"menu_order":0,"comment_status":"closed","ping_status":"closed","template":"","meta":{"footnotes":""},"class_list":["post-3574","page","type-page","status-publish","hentry"],"yoast_head":"<!-- This site is optimized with the Yoast SEO plugin v23.4 - https:\/\/yoast.com\/wordpress\/plugins\/seo\/ -->\n<title>Produits de th\u00e9 vert et de th\u00e9 noir en Libye | Albustan<\/title>\n<meta name=\"description\" content=\"D\u00e9couvrez une large gamme de th\u00e9s chez Albustan Al Ghethayi Co en Libye, du th\u00e9 vert au th\u00e9 noir, pour une exp\u00e9rience gustative unique.\" \/>\n<meta name=\"robots\" content=\"index, follow, max-snippet:-1, max-image-preview:large, max-video-preview:-1\" \/>\n<link rel=\"canonical\" href=\"https:\/\/www.bustan.ly\/fr\/\u0645\u0646\u062a\u062c\u0627\u062a\u0646\u0627\/\" \/>\n<meta property=\"og:locale\" content=\"fr_FR\" \/>\n<meta property=\"og:type\" content=\"article\" \/>\n<meta property=\"og:title\" content=\"Produits de th\u00e9 vert et de th\u00e9 noir en Libye | Albustan\" \/>\n<meta property=\"og:description\" content=\"D\u00e9couvrez une large gamme de th\u00e9s chez Albustan Al Ghethayi Co en Libye, du th\u00e9 vert au th\u00e9 noir, pour une exp\u00e9rience gustative unique.\" \/>\n<meta property=\"og:url\" content=\"https:\/\/www.bustan.ly\/\u0645\u0646\u062a\u062c\u0627\u062a\u0646\u0627\/\" \/>\n<meta property=\"og:site_name\" content=\"BUSTAN Co.\" \/>\n<meta property=\"article:modified_time\" content=\"2024-09-17T10:48:18+00:00\" \/>\n<meta property=\"og:image\" content=\"https:\/\/www.bustan.ly\/wp-content\/uploads\/2024\/08\/ajwad-jassmin.jpg\" \/>\n<meta name=\"twitter:card\" content=\"summary_large_image\" \/>\n<meta name=\"twitter:label1\" content=\"Dur\u00e9e de lecture estim\u00e9e\" \/>\n\t<meta name=\"twitter:data1\" content=\"3 minutes\" \/>\n<script type=\"application\/ld+json\" class=\"yoast-schema-graph\">{\"@context\":\"https:\/\/schema.org\",\"@graph\":[{\"@type\":\"WebPage\",\"@id\":\"https:\/\/www.bustan.ly\/%d9%85%d9%86%d8%aa%d8%ac%d8%a7%d8%aa%d9%86%d8%a7\/\",\"url\":\"https:\/\/www.bustan.ly\/%d9%85%d9%86%d8%aa%d8%ac%d8%a7%d8%aa%d9%86%d8%a7\/\",\"name\":\"Produits de th\u00e9 vert et de th\u00e9 noir en Libye | Albustan\",\"isPartOf\":{\"@id\":\"https:\/\/www.bustan.ly\/#website\"},\"primaryImageOfPage\":{\"@id\":\"https:\/\/www.bustan.ly\/%d9%85%d9%86%d8%aa%d8%ac%d8%a7%d8%aa%d9%86%d8%a7\/#primaryimage\"},\"image\":{\"@id\":\"https:\/\/www.bustan.ly\/%d9%85%d9%86%d8%aa%d8%ac%d8%a7%d8%aa%d9%86%d8%a7\/#primaryimage\"},\"thumbnailUrl\":\"https:\/\/www.bustan.ly\/wp-content\/uploads\/2024\/08\/ajwad-jassmin.jpg\",\"datePublished\":\"2024-09-04T08:32:26+00:00\",\"dateModified\":\"2024-09-17T10:48:18+00:00\",\"description\":\"D\u00e9couvrez une large gamme de th\u00e9s chez Albustan Al Ghethayi Co en Libye, du th\u00e9 vert au th\u00e9 noir, pour une exp\u00e9rience gustative unique.\",\"breadcrumb\":{\"@id\":\"https:\/\/www.bustan.ly\/%d9%85%d9%86%d8%aa%d8%ac%d8%a7%d8%aa%d9%86%d8%a7\/#breadcrumb\"},\"inLanguage\":\"fr-FR\",\"potentialAction\":[{\"@type\":\"ReadAction\",\"target\":[\"https:\/\/www.bustan.ly\/%d9%85%d9%86%d8%aa%d8%ac%d8%a7%d8%aa%d9%86%d8%a7\/\"]}]},{\"@type\":\"ImageObject\",\"inLanguage\":\"fr-FR\",\"@id\":\"https:\/\/www.bustan.ly\/%d9%85%d9%86%d8%aa%d8%ac%d8%a7%d8%aa%d9%86%d8%a7\/#primaryimage\",\"url\":\"https:\/\/www.bustan.ly\/wp-content\/uploads\/2024\/08\/ajwad-jassmin.jpg\",\"contentUrl\":\"https:\/\/www.bustan.ly\/wp-content\/uploads\/2024\/08\/ajwad-jassmin.jpg\"},{\"@type\":\"BreadcrumbList\",\"@id\":\"https:\/\/www.bustan.ly\/%d9%85%d9%86%d8%aa%d8%ac%d8%a7%d8%aa%d9%86%d8%a7\/#breadcrumb\",\"itemListElement\":[{\"@type\":\"ListItem\",\"position\":1,\"name\":\"Accueil\",\"item\":\"https:\/\/www.bustan.ly\/\"},{\"@type\":\"ListItem\",\"position\":2,\"name\":\"Nos produits\"}]},{\"@type\":\"WebSite\",\"@id\":\"https:\/\/www.bustan.ly\/#website\",\"url\":\"https:\/\/www.bustan.ly\/\",\"name\":\"BUSTAN Co.\",\"description\":\"\u0645\u0630\u0627\u0642 \u0639\u0627\u0644\u064a \u0639\u0644\u0649 \u0645\u0631 \u0627\u0644\u0639\u0635\u0648\u0631\",\"potentialAction\":[{\"@type\":\"SearchAction\",\"target\":{\"@type\":\"EntryPoint\",\"urlTemplate\":\"https:\/\/www.bustan.ly\/?s={search_term_string}\"},\"query-input\":{\"@type\":\"PropertyValueSpecification\",\"valueRequired\":true,\"valueName\":\"search_term_string\"}}],\"inLanguage\":\"fr-FR\"}]}<\/script>\n<!-- \/ Yoast SEO plugin. -->","yoast_head_json":{"title":"Produits de th\u00e9 vert et de th\u00e9 noir en Libye | Albustan","description":"D\u00e9couvrez une large gamme de th\u00e9s chez Albustan Al Ghethayi Co en Libye, du th\u00e9 vert au th\u00e9 noir, pour une exp\u00e9rience gustative unique.","robots":{"index":"index","follow":"follow","max-snippet":"max-snippet:-1","max-image-preview":"max-image-preview:large","max-video-preview":"max-video-preview:-1"},"canonical":"https:\/\/www.bustan.ly\/fr\/\u0645\u0646\u062a\u062c\u0627\u062a\u0646\u0627\/","og_locale":"fr_FR","og_type":"article","og_title":"Produits de th\u00e9 vert et de th\u00e9 noir en Libye | Albustan","og_description":"D\u00e9couvrez une large gamme de th\u00e9s chez Albustan Al Ghethayi Co en Libye, du th\u00e9 vert au th\u00e9 noir, pour une exp\u00e9rience gustative unique.","og_url":"https:\/\/www.bustan.ly\/\u0645\u0646\u062a\u062c\u0627\u062a\u0646\u0627\/","og_site_name":"BUSTAN Co.","article_modified_time":"2024-09-17T10:48:18+00:00","og_image":[{"url":"https:\/\/www.bustan.ly\/wp-content\/uploads\/2024\/08\/ajwad-jassmin.jpg"}],"twitter_card":"summary_large_image","twitter_misc":{"Dur\u00e9e de lecture estim\u00e9e":"3 minutes"},"schema":{"@context":"https:\/\/schema.org","@graph":[{"@type":"WebPage","@id":"https:\/\/www.bustan.ly\/%d9%85%d9%86%d8%aa%d8%ac%d8%a7%d8%aa%d9%86%d8%a7\/","url":"https:\/\/www.bustan.ly\/%d9%85%d9%86%d8%aa%d8%ac%d8%a7%d8%aa%d9%86%d8%a7\/","name":"Produits de th\u00e9 vert et de th\u00e9 noir en Libye | Albustan","isPartOf":{"@id":"https:\/\/www.bustan.ly\/#website"},"primaryImageOfPage":{"@id":"https:\/\/www.bustan.ly\/%d9%85%d9%86%d8%aa%d8%ac%d8%a7%d8%aa%d9%86%d8%a7\/#primaryimage"},"image":{"@id":"https:\/\/www.bustan.ly\/%d9%85%d9%86%d8%aa%d8%ac%d8%a7%d8%aa%d9%86%d8%a7\/#primaryimage"},"thumbnailUrl":"https:\/\/www.bustan.ly\/wp-content\/uploads\/2024\/08\/ajwad-jassmin.jpg","datePublished":"2024-09-04T08:32:26+00:00","dateModified":"2024-09-17T10:48:18+00:00","description":"D\u00e9couvrez une large gamme de th\u00e9s chez Albustan Al Ghethayi Co en Libye, du th\u00e9 vert au th\u00e9 noir, pour une exp\u00e9rience gustative unique.","breadcrumb":{"@id":"https:\/\/www.bustan.ly\/%d9%85%d9%86%d8%aa%d8%ac%d8%a7%d8%aa%d9%86%d8%a7\/#breadcrumb"},"inLanguage":"fr-FR","potentialAction":[{"@type":"ReadAction","target":["https:\/\/www.bustan.ly\/%d9%85%d9%86%d8%aa%d8%ac%d8%a7%d8%aa%d9%86%d8%a7\/"]}]},{"@type":"ImageObject","inLanguage":"fr-FR","@id":"https:\/\/www.bustan.ly\/%d9%85%d9%86%d8%aa%d8%ac%d8%a7%d8%aa%d9%86%d8%a7\/#primaryimage","url":"https:\/\/www.bustan.ly\/wp-content\/uploads\/2024\/08\/ajwad-jassmin.jpg","contentUrl":"https:\/\/www.bustan.ly\/wp-content\/uploads\/2024\/08\/ajwad-jassmin.jpg"},{"@type":"BreadcrumbList","@id":"https:\/\/www.bustan.ly\/%d9%85%d9%86%d8%aa%d8%ac%d8%a7%d8%aa%d9%86%d8%a7\/#breadcrumb","itemListElement":[{"@type":"ListItem","position":1,"name":"Accueil","item":"https:\/\/www.bustan.ly\/"},{"@type":"ListItem","position":2,"name":"Nos produits"}]},{"@type":"WebSite","@id":"https:\/\/www.bustan.ly\/#website","url":"https:\/\/www.bustan.ly\/","name":"BUSTAN Co.","description":"\u0645\u0630\u0627\u0642 \u0639\u0627\u0644\u064a \u0639\u0644\u0649 \u0645\u0631 \u0627\u0644\u0639\u0635\u0648\u0631","potentialAction":[{"@type":"SearchAction","target":{"@type":"EntryPoint","urlTemplate":"https:\/\/www.bustan.ly\/?s={search_term_string}"},"query-input":{"@type":"PropertyValueSpecification","valueRequired":true,"valueName":"search_term_string"}}],"inLanguage":"fr-FR"}]}},"_links":{"self":[{"href":"https:\/\/www.bustan.ly\/fr\/wp-json\/wp\/v2\/pages\/3574","targetHints":{"allow":["GET"]}}],"collection":[{"href":"https:\/\/www.bustan.ly\/fr\/wp-json\/wp\/v2\/pages"}],"about":[{"href":"https:\/\/www.bustan.ly\/fr\/wp-json\/wp\/v2\/types\/page"}],"author":[{"embeddable":true,"href":"https:\/\/www.bustan.ly\/fr\/wp-json\/wp\/v2\/users\/2"}],"replies":[{"embeddable":true,"href":"https:\/\/www.bustan.ly\/fr\/wp-json\/wp\/v2\/comments?post=3574"}],"version-history":[{"count":1,"href":"https:\/\/www.bustan.ly\/fr\/wp-json\/wp\/v2\/pages\/3574\/revisions"}],"predecessor-version":[{"id":3575,"href":"https:\/\/www.bustan.ly\/fr\/wp-json\/wp\/v2\/pages\/3574\/revisions\/3575"}],"wp:attachment":[{"href":"https:\/\/www.bustan.ly\/fr\/wp-json\/wp\/v2\/media?parent=3574"}],"curies":[{"name":"wp","href":"https:\/\/api.w.org\/{rel}","templated":true}]}}