{"id":3572,"date":"2024-09-04T10:31:07","date_gmt":"2024-09-04T08:31:07","guid":{"rendered":"https:\/\/www.bustan.ly\/?page_id=3572"},"modified":"2024-09-17T12:57:13","modified_gmt":"2024-09-17T10:57:13","slug":"actualites","status":"publish","type":"page","link":"https:\/\/www.bustan.ly\/fr\/actualites\/","title":{"rendered":"Actualit\u00e9s"},"content":{"rendered":"\t\t<div data-elementor-type=\"wp-page\" data-elementor-id=\"3572\" class=\"elementor elementor-3572\">\n\t\t\t\t<div class=\"elementor-element elementor-element-df76407 e-flex e-con-boxed e-con e-parent\" data-id=\"df76407\" data-element_type=\"container\">\n\t\t\t\t\t<div class=\"e-con-inner\">\n\t\t\r\n\t\t<div class=\"elementor-element elementor-element-014449c elementor-widget elementor-widget-restarblog\" data-id=\"014449c\" data-element_type=\"widget\" data-widget_type=\"restarblog.default\">\n\t\t\t\t<div class=\"elementor-widget-container\">\n\t\t\t<div class=\"slider-area\"><div class=\"row gy-40 justify-content-center\"><div class=\"col-xl-4 col-md-6\"><div class=\"blog-card\"><div class=\"blog-img\"><img fetchpriority=\"high\" decoding=\"async\" width=\"410\" height=\"300\" src=\"https:\/\/www.bustan.ly\/wp-content\/uploads\/2024\/09\/OT13331-410x300.jpg\" class=\"attachment-restar_410X300 size-restar_410X300 wp-post-image\" alt=\"\" \/><\/div><div class=\"blog-content\"><div class=\"blog-meta\"><a href=\"https:\/\/www.bustan.ly\/fr\/2024\/09\/04\/\">4 septembre 2024<\/a><\/div><h3 class=\"box-title\"><a href=\"https:\/\/www.bustan.ly\/fr\/lancement-dun-nouveau-site-web\/\">Lancement d&#8217;un nouveau site web<\/a><\/h3><a href=\"https:\/\/www.bustan.ly\/fr\/lancement-dun-nouveau-site-web\/\" class=\"th-btn btn-sm style-border\">LIRE LA SUITE<\/a><\/div><\/div><\/div><\/div><\/div>\t\t<\/div>\n\t\t\t\t<\/div>\n\t\t\t\t\t<\/div>\n\t\t\t\t<\/div>\n\t\t\t\t<\/div>\n\t\t","protected":false},"excerpt":{"rendered":"<p>28 avril 2024Burger Good Cook Always Use These Types LIRE LA SUITE28 avril 2024Lunch What Types of Massala Is The LIRE LA SUITE28 avril 2024Fast Foods Only Pure Ingredients Can Increase Food LIRE LA SUITE28 avril 2024Restaurant The Fresh Ingredients That Define Our LIRE LA SUITE<\/p>\n","protected":false},"author":2,"featured_media":0,"parent":0,"menu_order":0,"comment_status":"closed","ping_status":"closed","template":"","meta":{"footnotes":""},"class_list":["post-3572","page","type-page","status-publish","hentry","th-blog blog-single has-post-thumbnail"],"yoast_head":"<!-- This site is optimized with the Yoast SEO plugin v23.4 - https:\/\/yoast.com\/wordpress\/plugins\/seo\/ -->\n<title>Albustan Al Ghethayi Co News | Importation de th\u00e9 en Libye<\/title>\n<meta name=\"description\" content=\"Suivez les derni\u00e8res nouvelles d&#039;Albustan Al Ghethayi Co en Libye et d\u00e9couvrez les derniers nouveaut\u00e9s dans l&#039;univers du th\u00e9.\" \/>\n<meta name=\"robots\" content=\"index, follow, max-snippet:-1, max-image-preview:large, max-video-preview:-1\" \/>\n<link rel=\"canonical\" href=\"https:\/\/www.bustan.ly\/fr\/\u0627\u062e\u0628\u0627\u0631\u0646\u0627\/\" \/>\n<meta property=\"og:locale\" content=\"fr_FR\" \/>\n<meta property=\"og:type\" content=\"article\" \/>\n<meta property=\"og:title\" content=\"Albustan Al Ghethayi Co News | Importation de th\u00e9 en Libye\" \/>\n<meta property=\"og:description\" content=\"Suivez les derni\u00e8res nouvelles d&#039;Albustan Al Ghethayi Co en Libye et d\u00e9couvrez les derniers nouveaut\u00e9s dans l&#039;univers du th\u00e9.\" \/>\n<meta property=\"og:url\" content=\"https:\/\/www.bustan.ly\/\u0627\u062e\u0628\u0627\u0631\u0646\u0627\/\" \/>\n<meta property=\"og:site_name\" content=\"BUSTAN Co.\" \/>\n<meta property=\"article:modified_time\" content=\"2024-09-17T10:57:13+00:00\" \/>\n<meta property=\"og:image\" content=\"https:\/\/www.bustan.ly\/wp-content\/uploads\/2024\/04\/blog-s-1-7-410x300.jpg\" \/>\n<meta name=\"twitter:card\" content=\"summary_large_image\" \/>\n<meta name=\"twitter:label1\" content=\"Dur\u00e9e de lecture estim\u00e9e\" \/>\n\t<meta name=\"twitter:data1\" content=\"2 minutes\" \/>\n<script type=\"application\/ld+json\" class=\"yoast-schema-graph\">{\"@context\":\"https:\/\/schema.org\",\"@graph\":[{\"@type\":\"WebPage\",\"@id\":\"https:\/\/www.bustan.ly\/%d8%a7%d8%ae%d8%a8%d8%a7%d8%b1%d9%86%d8%a7\/\",\"url\":\"https:\/\/www.bustan.ly\/%d8%a7%d8%ae%d8%a8%d8%a7%d8%b1%d9%86%d8%a7\/\",\"name\":\"Albustan Al Ghethayi Co News | Importation de th\u00e9 en Libye\",\"isPartOf\":{\"@id\":\"https:\/\/www.bustan.ly\/#website\"},\"primaryImageOfPage\":{\"@id\":\"https:\/\/www.bustan.ly\/%d8%a7%d8%ae%d8%a8%d8%a7%d8%b1%d9%86%d8%a7\/#primaryimage\"},\"image\":{\"@id\":\"https:\/\/www.bustan.ly\/%d8%a7%d8%ae%d8%a8%d8%a7%d8%b1%d9%86%d8%a7\/#primaryimage\"},\"thumbnailUrl\":\"https:\/\/www.bustan.ly\/wp-content\/uploads\/2024\/04\/blog-s-1-7-410x300.jpg\",\"datePublished\":\"2024-09-04T08:31:07+00:00\",\"dateModified\":\"2024-09-17T10:57:13+00:00\",\"description\":\"Suivez les derni\u00e8res nouvelles d'Albustan Al Ghethayi Co en Libye et d\u00e9couvrez les derniers nouveaut\u00e9s dans l'univers du th\u00e9.\",\"breadcrumb\":{\"@id\":\"https:\/\/www.bustan.ly\/%d8%a7%d8%ae%d8%a8%d8%a7%d8%b1%d9%86%d8%a7\/#breadcrumb\"},\"inLanguage\":\"fr-FR\",\"potentialAction\":[{\"@type\":\"ReadAction\",\"target\":[\"https:\/\/www.bustan.ly\/%d8%a7%d8%ae%d8%a8%d8%a7%d8%b1%d9%86%d8%a7\/\"]}]},{\"@type\":\"ImageObject\",\"inLanguage\":\"fr-FR\",\"@id\":\"https:\/\/www.bustan.ly\/%d8%a7%d8%ae%d8%a8%d8%a7%d8%b1%d9%86%d8%a7\/#primaryimage\",\"url\":\"https:\/\/www.bustan.ly\/wp-content\/uploads\/2024\/04\/blog-s-1-7-410x300.jpg\",\"contentUrl\":\"https:\/\/www.bustan.ly\/wp-content\/uploads\/2024\/04\/blog-s-1-7-410x300.jpg\"},{\"@type\":\"BreadcrumbList\",\"@id\":\"https:\/\/www.bustan.ly\/%d8%a7%d8%ae%d8%a8%d8%a7%d8%b1%d9%86%d8%a7\/#breadcrumb\",\"itemListElement\":[{\"@type\":\"ListItem\",\"position\":1,\"name\":\"Accueil\",\"item\":\"https:\/\/www.bustan.ly\/\"},{\"@type\":\"ListItem\",\"position\":2,\"name\":\"Actualit\u00e9s\"}]},{\"@type\":\"WebSite\",\"@id\":\"https:\/\/www.bustan.ly\/#website\",\"url\":\"https:\/\/www.bustan.ly\/\",\"name\":\"BUSTAN Co.\",\"description\":\"\u0645\u0630\u0627\u0642 \u0639\u0627\u0644\u064a \u0639\u0644\u0649 \u0645\u0631 \u0627\u0644\u0639\u0635\u0648\u0631\",\"potentialAction\":[{\"@type\":\"SearchAction\",\"target\":{\"@type\":\"EntryPoint\",\"urlTemplate\":\"https:\/\/www.bustan.ly\/?s={search_term_string}\"},\"query-input\":{\"@type\":\"PropertyValueSpecification\",\"valueRequired\":true,\"valueName\":\"search_term_string\"}}],\"inLanguage\":\"fr-FR\"}]}<\/script>\n<!-- \/ Yoast SEO plugin. -->","yoast_head_json":{"title":"Albustan Al Ghethayi Co News | Importation de th\u00e9 en Libye","description":"Suivez les derni\u00e8res nouvelles d'Albustan Al Ghethayi Co en Libye et d\u00e9couvrez les derniers nouveaut\u00e9s dans l'univers du th\u00e9.","robots":{"index":"index","follow":"follow","max-snippet":"max-snippet:-1","max-image-preview":"max-image-preview:large","max-video-preview":"max-video-preview:-1"},"canonical":"https:\/\/www.bustan.ly\/fr\/\u0627\u062e\u0628\u0627\u0631\u0646\u0627\/","og_locale":"fr_FR","og_type":"article","og_title":"Albustan Al Ghethayi Co News | Importation de th\u00e9 en Libye","og_description":"Suivez les derni\u00e8res nouvelles d'Albustan Al Ghethayi Co en Libye et d\u00e9couvrez les derniers nouveaut\u00e9s dans l'univers du th\u00e9.","og_url":"https:\/\/www.bustan.ly\/\u0627\u062e\u0628\u0627\u0631\u0646\u0627\/","og_site_name":"BUSTAN Co.","article_modified_time":"2024-09-17T10:57:13+00:00","og_image":[{"url":"https:\/\/www.bustan.ly\/wp-content\/uploads\/2024\/04\/blog-s-1-7-410x300.jpg"}],"twitter_card":"summary_large_image","twitter_misc":{"Dur\u00e9e de lecture estim\u00e9e":"2 minutes"},"schema":{"@context":"https:\/\/schema.org","@graph":[{"@type":"WebPage","@id":"https:\/\/www.bustan.ly\/%d8%a7%d8%ae%d8%a8%d8%a7%d8%b1%d9%86%d8%a7\/","url":"https:\/\/www.bustan.ly\/%d8%a7%d8%ae%d8%a8%d8%a7%d8%b1%d9%86%d8%a7\/","name":"Albustan Al Ghethayi Co News | Importation de th\u00e9 en Libye","isPartOf":{"@id":"https:\/\/www.bustan.ly\/#website"},"primaryImageOfPage":{"@id":"https:\/\/www.bustan.ly\/%d8%a7%d8%ae%d8%a8%d8%a7%d8%b1%d9%86%d8%a7\/#primaryimage"},"image":{"@id":"https:\/\/www.bustan.ly\/%d8%a7%d8%ae%d8%a8%d8%a7%d8%b1%d9%86%d8%a7\/#primaryimage"},"thumbnailUrl":"https:\/\/www.bustan.ly\/wp-content\/uploads\/2024\/04\/blog-s-1-7-410x300.jpg","datePublished":"2024-09-04T08:31:07+00:00","dateModified":"2024-09-17T10:57:13+00:00","description":"Suivez les derni\u00e8res nouvelles d'Albustan Al Ghethayi Co en Libye et d\u00e9couvrez les derniers nouveaut\u00e9s dans l'univers du th\u00e9.","breadcrumb":{"@id":"https:\/\/www.bustan.ly\/%d8%a7%d8%ae%d8%a8%d8%a7%d8%b1%d9%86%d8%a7\/#breadcrumb"},"inLanguage":"fr-FR","potentialAction":[{"@type":"ReadAction","target":["https:\/\/www.bustan.ly\/%d8%a7%d8%ae%d8%a8%d8%a7%d8%b1%d9%86%d8%a7\/"]}]},{"@type":"ImageObject","inLanguage":"fr-FR","@id":"https:\/\/www.bustan.ly\/%d8%a7%d8%ae%d8%a8%d8%a7%d8%b1%d9%86%d8%a7\/#primaryimage","url":"https:\/\/www.bustan.ly\/wp-content\/uploads\/2024\/04\/blog-s-1-7-410x300.jpg","contentUrl":"https:\/\/www.bustan.ly\/wp-content\/uploads\/2024\/04\/blog-s-1-7-410x300.jpg"},{"@type":"BreadcrumbList","@id":"https:\/\/www.bustan.ly\/%d8%a7%d8%ae%d8%a8%d8%a7%d8%b1%d9%86%d8%a7\/#breadcrumb","itemListElement":[{"@type":"ListItem","position":1,"name":"Accueil","item":"https:\/\/www.bustan.ly\/"},{"@type":"ListItem","position":2,"name":"Actualit\u00e9s"}]},{"@type":"WebSite","@id":"https:\/\/www.bustan.ly\/#website","url":"https:\/\/www.bustan.ly\/","name":"BUSTAN Co.","description":"\u0645\u0630\u0627\u0642 \u0639\u0627\u0644\u064a \u0639\u0644\u0649 \u0645\u0631 \u0627\u0644\u0639\u0635\u0648\u0631","potentialAction":[{"@type":"SearchAction","target":{"@type":"EntryPoint","urlTemplate":"https:\/\/www.bustan.ly\/?s={search_term_string}"},"query-input":{"@type":"PropertyValueSpecification","valueRequired":true,"valueName":"search_term_string"}}],"inLanguage":"fr-FR"}]}},"_links":{"self":[{"href":"https:\/\/www.bustan.ly\/fr\/wp-json\/wp\/v2\/pages\/3572","targetHints":{"allow":["GET"]}}],"collection":[{"href":"https:\/\/www.bustan.ly\/fr\/wp-json\/wp\/v2\/pages"}],"about":[{"href":"https:\/\/www.bustan.ly\/fr\/wp-json\/wp\/v2\/types\/page"}],"author":[{"embeddable":true,"href":"https:\/\/www.bustan.ly\/fr\/wp-json\/wp\/v2\/users\/2"}],"replies":[{"embeddable":true,"href":"https:\/\/www.bustan.ly\/fr\/wp-json\/wp\/v2\/comments?post=3572"}],"version-history":[{"count":5,"href":"https:\/\/www.bustan.ly\/fr\/wp-json\/wp\/v2\/pages\/3572\/revisions"}],"predecessor-version":[{"id":3831,"href":"https:\/\/www.bustan.ly\/fr\/wp-json\/wp\/v2\/pages\/3572\/revisions\/3831"}],"wp:attachment":[{"href":"https:\/\/www.bustan.ly\/fr\/wp-json\/wp\/v2\/media?parent=3572"}],"curies":[{"name":"wp","href":"https:\/\/api.w.org\/{rel}","templated":true}]}}